{"id":124,"date":"2017-01-24T18:02:38","date_gmt":"2017-01-24T17:02:38","guid":{"rendered":"http:\/\/neuropsychologue-nevers.fr\/?page_id=124"},"modified":"2021-04-02T23:04:15","modified_gmt":"2021-04-02T22:04:15","slug":"pierre-leclef-neuropsychologue","status":"publish","type":"page","link":"https:\/\/neuropsychologue-nevers.fr\/index.php\/pierre-leclef-neuropsychologue\/","title":{"rendered":"Qui suis-je ?"},"content":{"rendered":"<h3>Mon parcours professionnel<\/h3>\n<h4>Activit\u00e9 clinique<\/h4>\n<p>Dipl\u00f4m\u00e9 en Belgique en 2008 (Universit\u00e9 de Louvain-La-Neuve), j&rsquo;exerce en tant que neuropsychologue dans le d\u00e9partement de la Ni\u00e8vre depuis 2009. J&rsquo;ai successivement exerc\u00e9 en structure hospitali\u00e8re et m\u00e9dico-sociale sur Nevers avant d&rsquo;ouvrir le Cabinet de Neuropsychologie.<\/p>\n<p>Mon dipl\u00f4me est reconnu par\u00a0l&rsquo;Organisation Francophone des Psychologues sp\u00e9cialis\u00e9s en Neuropsychologie &#8211;\u00a0<a href=\"http:\/\/www.ofpn.fr\">OFPN<\/a>\u00a0et par l&rsquo;<a href=\"http:\/\/www. apnb.neuropsychologie.pro\">APNB<\/a> (Association des psychologues sp\u00e9cialis\u00e9s en neuropsychologie de Bourgogne).\u00a0Cela\u00a0me permet d&rsquo;adh\u00e9rer \u00e0 ces associations professionnelles (reconnaissance d&rsquo;une sp\u00e9cialisation en neuropsychologie).<\/p>\n<p>Mes diff\u00e9rentes activit\u00e9s cliniques m&rsquo;ont amen\u00e9 \u00e0 d\u00e9velopper une exp\u00e9rience solide dans le diagnostic initial et diff\u00e9rentiel troubles neurod\u00e9veloppementaux et de la personnalit\u00e9 (<a href=\"https:\/\/neuropsychologue-nevers.fr\/index.php\/le-bilan-neuropsychologique\/\">bilans neuropsychologiques<\/a>), aupr\u00e8s des enfants, des adolescents et des jeunes adultes. J&rsquo;ai acquis une expertise particuli\u00e8re dans l&rsquo;identification et la participation au diagnostic des Troubles du Spectre Autistique, du Syndrome de Gilles de la Tourette, parall\u00e8lement aux troubles des apprentissages en g\u00e9n\u00e9ral.<\/p>\n<p>Dans mon travail, je porte un int\u00e9r\u00eat particulier au rep\u00e9rage des troubles des apprentissages. Je suis \u00e9galement soucieux de leur pronostic (comment grandit-on avec un trouble des apprentissages ?) et de leur impact sur le projet professionnel. Je m&rsquo;int\u00e9resse \u00e9galement au parcours scolaire et de soins que ces troubles impliquent. A ce sujet, j&rsquo;ai la chance d&rsquo;intervenir r\u00e9guli\u00e8rement dans les \u00e9quipes techniques de la <a href=\"https:\/\/neuropsychologue-nevers.fr\/index.php\/laide-de-la-mdph\/\">MDPH de la Ni\u00e8vre<\/a>.<\/p>\n<p>J&rsquo;attache un soin particulier \u00e0 d\u00e9velopper des formations courtes \u00e0 destination des enseignants, \u00e0 travers des <a href=\"https:\/\/neuropsychologue-nevers.fr\/index.php\/prevention-et-formations\/\">interventions<\/a> fr\u00e9quentes dans les \u00e9tablissements scolaires du d\u00e9partement de la Ni\u00e8vre.<\/p>\n<p>Je coop\u00e8re \u00e9troitement avec <a href=\"https:\/\/www.capemploi-58.com\/\">Cap Emploi 58<\/a> afin de pr\u00e9ciser le fonctionnement cognitif de certains usagers de cet organisme.<\/p>\n<p>Enfin, depuis 2018, je suis salari\u00e9 de l&rsquo;<a href=\"http:\/\/apias.e-monsite.com\/\">APIAS<\/a>, et travaille dans l&rsquo;insertion et le maintien dans l&#8217;emploi professionnelle des personnes avec handicap cognitif (Prestations d&rsquo;Appui Sp\u00e9cifique).<\/p>\n<p>La combinaison du travail au cabinet de neuropsychologie et \u00e0 l&rsquo;APIAS me permet d&rsquo;avoir une vision globale de l&rsquo;\u00e9volution des personnes concern\u00e9es par les troubles cognitifs au sens large.<\/p>\n<h4>Recherche et formation<\/h4>\n<p>Au-del\u00e0 de l&rsquo;activit\u00e9 clinique, j&rsquo;ai \u00e9galement men\u00e9 divers travaux collaboratifs et scientifiques au sein de l&rsquo;Organisation Francophone des Psychologues sp\u00e9cialis\u00e9s en Neuropsychologie &#8211; <a href=\"http:\/\/www.ofpn.fr\">OFPN<\/a>). L&rsquo;un de ces travaux a notamment fait l&rsquo;objet d&rsquo;une intervention au Congr\u00e8s National de Neuropsychologie Clinique (<a href=\"http:\/\/www.cnnc.fr\">CNNC2<\/a>).<\/p>\n<p>Je fais partie des formateurs de l&rsquo;association <a href=\"http:\/\/www.coridys.fr\">Coridys<\/a> Var (mod\u00e8les de l&rsquo;intelligence, troubles neurod\u00e9veloppementaux, outils de compensation).<\/p>\n<h4>Publications<\/h4>\n<p>\u00ab\u00a0Le travail en lib\u00e9ral des psychologues sp\u00e9cialis\u00e9s en neuropsychologie : une enqu\u00eate de l\u2019Organisation Fran\u00e7aise des Psychologues sp\u00e9cialis\u00e9s en Neuropsychologie.\u00a0\u00bbMalvy, L., Leclef, P., Roulin, M., Ponchel, A., Cauletin-Gillier, A-M., Radiguer, F. Cahiers de Neuropsychologie Clinique, 2019.<\/p>\n<p>\u00ab\u00a0L\u2019interpr\u00e9tation des scores en neuropsychologie\u00a0: la tour de Babel\u00a0\u00bb\u00a0? Muneaux, M., Ponchel, A., Chancenotte, S., Marey, S., Leclef, P. Cahiers de Neuropsychologie Clinique, 2018.<\/p>\n<p>\u00ab\u00a0Les conditions de travail des psychologues sp\u00e9cialis\u00e9s en neuropsychologie\u00a0\u00bb. Jehel, L., Meunier, T., Morvan, L., Arango\u00efs, C., Loynard, S., Leclef, P. &amp; collaborateurs. Journal des Psychologues Mars 2018<\/p>\n<p>&nbsp;<\/p>\n<p>&nbsp;<\/p>\n","protected":false},"excerpt":{"rendered":"<p>Mon parcours professionnel Activit\u00e9 clinique Dipl\u00f4m\u00e9 en Belgique en 2008 (Universit\u00e9 de Louvain-La-Neuve), j&rsquo;exerce en tant que neuropsychologue dans le d\u00e9partement de la Ni\u00e8vre depuis 2009. J&rsquo;ai successivement exerc\u00e9 en structure hospitali\u00e8re et m\u00e9dico-sociale sur Nevers avant d&rsquo;ouvrir le Cabinet<\/p>\n","protected":false},"author":3,"featured_media":0,"parent":0,"menu_order":0,"comment_status":"closed","ping_status":"closed","template":"","meta":{"footnotes":""},"class_list":["post-124","page","type-page","status-publish","hentry"],"yoast_head":"<!-- This site is optimized with the Yoast SEO plugin v20.4 - https:\/\/yoast.com\/wordpress\/plugins\/seo\/ -->\n<title>Mon parcours dans la Ni\u00e8vre - Pierre Leclef - Neuropsychologue<\/title>\n<meta name=\"description\" content=\"Je travaille dans la Ni\u00e8vre depuis 2009, dans plusieurs \u00e9tablissements et en lib\u00e9ral. J&#039;ai d\u00e9velopp\u00e9 une exp\u00e9rience solide dans le diagnostic diff\u00e9rentiel.\" \/>\n<meta name=\"robots\" content=\"index, follow, max-snippet:-1, max-image-preview:large, max-video-preview:-1\" \/>\n<link rel=\"canonical\" href=\"https:\/\/neuropsychologue-nevers.fr\/index.php\/pierre-leclef-neuropsychologue\/\" \/>\n<meta property=\"og:locale\" content=\"fr_FR\" \/>\n<meta property=\"og:type\" content=\"article\" \/>\n<meta property=\"og:title\" content=\"Mon parcours dans la Ni\u00e8vre - Pierre Leclef - Neuropsychologue\" \/>\n<meta property=\"og:description\" content=\"Je travaille dans la Ni\u00e8vre depuis 2009, dans plusieurs \u00e9tablissements et en lib\u00e9ral. J&#039;ai d\u00e9velopp\u00e9 une exp\u00e9rience solide dans le diagnostic diff\u00e9rentiel.\" \/>\n<meta property=\"og:url\" content=\"https:\/\/neuropsychologue-nevers.fr\/index.php\/pierre-leclef-neuropsychologue\/\" \/>\n<meta property=\"og:site_name\" content=\"Pierre Leclef - Ana\u00efs Descat - Pauline Fontaine\" \/>\n<meta property=\"article:modified_time\" content=\"2021-04-02T22:04:15+00:00\" \/>\n<meta name=\"twitter:card\" content=\"summary_large_image\" \/>\n<meta name=\"twitter:label1\" content=\"Dur\u00e9e de lecture estim\u00e9e\" \/>\n\t<meta name=\"twitter:data1\" content=\"3 minutes\" \/>\n<script type=\"application\/ld+json\" class=\"yoast-schema-graph\">{\"@context\":\"https:\/\/schema.org\",\"@graph\":[{\"@type\":\"WebPage\",\"@id\":\"https:\/\/neuropsychologue-nevers.fr\/index.php\/pierre-leclef-neuropsychologue\/\",\"url\":\"https:\/\/neuropsychologue-nevers.fr\/index.php\/pierre-leclef-neuropsychologue\/\",\"name\":\"Mon parcours dans la Ni\u00e8vre - Pierre Leclef - Neuropsychologue\",\"isPartOf\":{\"@id\":\"https:\/\/neuropsychologue-nevers.fr\/#website\"},\"datePublished\":\"2017-01-24T17:02:38+00:00\",\"dateModified\":\"2021-04-02T22:04:15+00:00\",\"description\":\"Je travaille dans la Ni\u00e8vre depuis 2009, dans plusieurs \u00e9tablissements et en lib\u00e9ral. J'ai d\u00e9velopp\u00e9 une exp\u00e9rience solide dans le diagnostic diff\u00e9rentiel.\",\"breadcrumb\":{\"@id\":\"https:\/\/neuropsychologue-nevers.fr\/index.php\/pierre-leclef-neuropsychologue\/#breadcrumb\"},\"inLanguage\":\"fr-FR\",\"potentialAction\":[{\"@type\":\"ReadAction\",\"target\":[\"https:\/\/neuropsychologue-nevers.fr\/index.php\/pierre-leclef-neuropsychologue\/\"]}]},{\"@type\":\"BreadcrumbList\",\"@id\":\"https:\/\/neuropsychologue-nevers.fr\/index.php\/pierre-leclef-neuropsychologue\/#breadcrumb\",\"itemListElement\":[{\"@type\":\"ListItem\",\"position\":1,\"name\":\"Accueil\",\"item\":\"https:\/\/neuropsychologue-nevers.fr\/\"},{\"@type\":\"ListItem\",\"position\":2,\"name\":\"Qui suis-je ?\"}]},{\"@type\":\"WebSite\",\"@id\":\"https:\/\/neuropsychologue-nevers.fr\/#website\",\"url\":\"https:\/\/neuropsychologue-nevers.fr\/\",\"name\":\"Pierre Leclef - Ana\u00efs Descat - Pauline Fontaine\",\"description\":\"Cabinet de Neuropsychologie - Nevers\",\"potentialAction\":[{\"@type\":\"SearchAction\",\"target\":{\"@type\":\"EntryPoint\",\"urlTemplate\":\"https:\/\/neuropsychologue-nevers.fr\/?s={search_term_string}\"},\"query-input\":\"required name=search_term_string\"}],\"inLanguage\":\"fr-FR\"}]}<\/script>\n<!-- \/ Yoast SEO plugin. -->","yoast_head_json":{"title":"Mon parcours dans la Ni\u00e8vre - Pierre Leclef - Neuropsychologue","description":"Je travaille dans la Ni\u00e8vre depuis 2009, dans plusieurs \u00e9tablissements et en lib\u00e9ral. J'ai d\u00e9velopp\u00e9 une exp\u00e9rience solide dans le diagnostic diff\u00e9rentiel.","robots":{"index":"index","follow":"follow","max-snippet":"max-snippet:-1","max-image-preview":"max-image-preview:large","max-video-preview":"max-video-preview:-1"},"canonical":"https:\/\/neuropsychologue-nevers.fr\/index.php\/pierre-leclef-neuropsychologue\/","og_locale":"fr_FR","og_type":"article","og_title":"Mon parcours dans la Ni\u00e8vre - Pierre Leclef - Neuropsychologue","og_description":"Je travaille dans la Ni\u00e8vre depuis 2009, dans plusieurs \u00e9tablissements et en lib\u00e9ral. J'ai d\u00e9velopp\u00e9 une exp\u00e9rience solide dans le diagnostic diff\u00e9rentiel.","og_url":"https:\/\/neuropsychologue-nevers.fr\/index.php\/pierre-leclef-neuropsychologue\/","og_site_name":"Pierre Leclef - Ana\u00efs Descat - Pauline Fontaine","article_modified_time":"2021-04-02T22:04:15+00:00","twitter_card":"summary_large_image","twitter_misc":{"Dur\u00e9e de lecture estim\u00e9e":"3 minutes"},"schema":{"@context":"https:\/\/schema.org","@graph":[{"@type":"WebPage","@id":"https:\/\/neuropsychologue-nevers.fr\/index.php\/pierre-leclef-neuropsychologue\/","url":"https:\/\/neuropsychologue-nevers.fr\/index.php\/pierre-leclef-neuropsychologue\/","name":"Mon parcours dans la Ni\u00e8vre - Pierre Leclef - Neuropsychologue","isPartOf":{"@id":"https:\/\/neuropsychologue-nevers.fr\/#website"},"datePublished":"2017-01-24T17:02:38+00:00","dateModified":"2021-04-02T22:04:15+00:00","description":"Je travaille dans la Ni\u00e8vre depuis 2009, dans plusieurs \u00e9tablissements et en lib\u00e9ral. J'ai d\u00e9velopp\u00e9 une exp\u00e9rience solide dans le diagnostic diff\u00e9rentiel.","breadcrumb":{"@id":"https:\/\/neuropsychologue-nevers.fr\/index.php\/pierre-leclef-neuropsychologue\/#breadcrumb"},"inLanguage":"fr-FR","potentialAction":[{"@type":"ReadAction","target":["https:\/\/neuropsychologue-nevers.fr\/index.php\/pierre-leclef-neuropsychologue\/"]}]},{"@type":"BreadcrumbList","@id":"https:\/\/neuropsychologue-nevers.fr\/index.php\/pierre-leclef-neuropsychologue\/#breadcrumb","itemListElement":[{"@type":"ListItem","position":1,"name":"Accueil","item":"https:\/\/neuropsychologue-nevers.fr\/"},{"@type":"ListItem","position":2,"name":"Qui suis-je ?"}]},{"@type":"WebSite","@id":"https:\/\/neuropsychologue-nevers.fr\/#website","url":"https:\/\/neuropsychologue-nevers.fr\/","name":"Pierre Leclef - Ana\u00efs Descat - Pauline Fontaine","description":"Cabinet de Neuropsychologie - Nevers","potentialAction":[{"@type":"SearchAction","target":{"@type":"EntryPoint","urlTemplate":"https:\/\/neuropsychologue-nevers.fr\/?s={search_term_string}"},"query-input":"required name=search_term_string"}],"inLanguage":"fr-FR"}]}},"_links":{"self":[{"href":"https:\/\/neuropsychologue-nevers.fr\/index.php\/wp-json\/wp\/v2\/pages\/124","targetHints":{"allow":["GET"]}}],"collection":[{"href":"https:\/\/neuropsychologue-nevers.fr\/index.php\/wp-json\/wp\/v2\/pages"}],"about":[{"href":"https:\/\/neuropsychologue-nevers.fr\/index.php\/wp-json\/wp\/v2\/types\/page"}],"author":[{"embeddable":true,"href":"https:\/\/neuropsychologue-nevers.fr\/index.php\/wp-json\/wp\/v2\/users\/3"}],"replies":[{"embeddable":true,"href":"https:\/\/neuropsychologue-nevers.fr\/index.php\/wp-json\/wp\/v2\/comments?post=124"}],"version-history":[{"count":13,"href":"https:\/\/neuropsychologue-nevers.fr\/index.php\/wp-json\/wp\/v2\/pages\/124\/revisions"}],"predecessor-version":[{"id":386,"href":"https:\/\/neuropsychologue-nevers.fr\/index.php\/wp-json\/wp\/v2\/pages\/124\/revisions\/386"}],"wp:attachment":[{"href":"https:\/\/neuropsychologue-nevers.fr\/index.php\/wp-json\/wp\/v2\/media?parent=124"}],"curies":[{"name":"wp","href":"https:\/\/api.w.org\/{rel}","templated":true}]}}