{"id":144,"date":"2018-03-10T09:45:28","date_gmt":"2018-03-10T08:45:28","guid":{"rendered":"http:\/\/neuropsychologue-nevers.fr\/?page_id=144"},"modified":"2018-03-10T10:03:33","modified_gmt":"2018-03-10T09:03:33","slug":"guidance-tdah","status":"publish","type":"page","link":"https:\/\/neuropsychologue-nevers.fr\/index.php\/les-prises-en-charge\/guidance-tdah\/","title":{"rendered":"Guidances TDAH : Pour les parents ou pour les adultes"},"content":{"rendered":"<h5>Guidance\u00a0TDAH : Pour les parents ou pour les adultes<\/h5>\n<h6>La guidance : Qu&rsquo;est-ce que c&rsquo;est ?<\/h6>\n<p><a href=\"https:\/\/neuropsychologue-nevers.fr\/index.php\/troubles-cognitifs\/tda-et-hyperactivite\/\">Le trouble d\u00e9cifitaire de l&rsquo;attention (TDA, avec ou sans hyperactivit\u00e9)<\/a> a des effets importants sur la vie de l&rsquo;enfant ou de l&rsquo;adulte qui est concern\u00e9 par ce trouble. Ces effets concernent notamment les relations \u00e0 l&rsquo;autre, l&rsquo;organisation mat\u00e9rielle\u00a0et quotidienne, la scolarit\u00e9, la carri\u00e8re professionnelle, la gestion des relations sociales et la poursuite de buts \u00e0 court, moyen et long terme. Le travail de guidance TDAH concerne ces probl\u00e9matiques.<\/p>\n<p>Les aides dont peuvent b\u00e9n\u00e9ficier les personnes avec TDA sont multiples (suivi psychologique, aide m\u00e9tacognitive, traitement m\u00e9dicamenteux, m\u00e9ditation de pleine conscience,&#8230;). Des guidances permettent \u00e9galement d&rsquo;aborder les probl\u00e9matiques\u00a0de la vie quotidienne qui sont multiples.<\/p>\n<h6>Guidance TDAH : Pour qui ?<\/h6>\n<p><strong><span style=\"color: #800000;\">Pour les enfants<\/span><\/strong>, la guidance s&rsquo;adressera exclusivement aux parents.\u00a0Elle permettra d&rsquo;aborder au domicile la gestion des difficult\u00e9s de comportement, l&rsquo;utilisation de strat\u00e9gies de renforcement voire de punition efficaces dans le cadre du TDA. La r\u00e9solution des devoirs et l&rsquo;organisation mat\u00e9rielle sont \u00e9galement abord\u00e9s. Ce type de travail a initialement \u00e9t\u00e9 con\u00e7u s<strong>ous forme de groupe de parents.<\/strong>\u00a0Il permet\u00a0aussi des moments d&rsquo;\u00e9change entre parents confront\u00e9s aux m\u00eames probl\u00e9matiques. Le cas \u00e9ch\u00e9ant, il\u00a0peut toutefois se mener en s\u00e9ances individuelles.<\/p>\n<p><strong><span style=\"color: #800000;\">Pour les adultes<\/span><\/strong>, la guidance prend davantage la forme d&rsquo;un accompagnement de la personne et concerne de multiples aspects du quotidien : gestion du temps, gestion des papiers administratifs, hygi\u00e8ne de vie quotidienne, contr\u00f4le de l&rsquo;impulsivit\u00e9, de la motivation, de la procrastination. Ce travail est essentiellement men\u00e9 sous forme de <strong>s\u00e9ances individuelles. Des groupes de parole<\/strong> peuvent \u00e9galement \u00eatre mis en place selon la demande.<\/p>\n<p><strong>L&rsquo;int\u00e9r\u00eat de ce travail est de s&rsquo;adresser avant tout aux <span style=\"color: #993300;\">probl\u00e9matiques concr\u00e8tes de la vie de tous les jours<\/span>\u00a0rencontr\u00e9es\u00a0par l&rsquo;enfant et ses parents, ou la personne adulte.<\/strong><\/p>\n<p>&nbsp;<\/p>\n","protected":false},"excerpt":{"rendered":"<p>Guidance\u00a0TDAH : Pour les parents ou pour les adultes La guidance : Qu&rsquo;est-ce que c&rsquo;est ? Le trouble d\u00e9cifitaire de l&rsquo;attention (TDA, avec ou sans hyperactivit\u00e9) a des effets importants sur la vie de l&rsquo;enfant ou de l&rsquo;adulte qui est<\/p>\n","protected":false},"author":3,"featured_media":0,"parent":23,"menu_order":0,"comment_status":"closed","ping_status":"closed","template":"","meta":{"footnotes":""},"class_list":["post-144","page","type-page","status-publish","hentry"],"yoast_head":"<!-- This site is optimized with the Yoast SEO plugin v20.4 - https:\/\/yoast.com\/wordpress\/plugins\/seo\/ -->\n<title>Guidance TDAH : pour les adultes ou les parents<\/title>\n<meta name=\"description\" content=\"Guidance pour adultes ou parents d&#039;enfants TDAH ; probl\u00e9mes de la vie quotidienne, organisation, devoirs, r\u00e8gles \u00e9ducatives.\" \/>\n<meta name=\"robots\" content=\"index, follow, max-snippet:-1, max-image-preview:large, max-video-preview:-1\" \/>\n<link rel=\"canonical\" href=\"https:\/\/neuropsychologue-nevers.fr\/index.php\/les-prises-en-charge\/guidance-tdah\/\" \/>\n<meta property=\"og:locale\" content=\"fr_FR\" \/>\n<meta property=\"og:type\" content=\"article\" \/>\n<meta property=\"og:title\" content=\"Guidance TDAH : pour les adultes ou les parents\" \/>\n<meta property=\"og:description\" content=\"Guidance pour adultes ou parents d&#039;enfants TDAH ; probl\u00e9mes de la vie quotidienne, organisation, devoirs, r\u00e8gles \u00e9ducatives.\" \/>\n<meta property=\"og:url\" content=\"https:\/\/neuropsychologue-nevers.fr\/index.php\/les-prises-en-charge\/guidance-tdah\/\" \/>\n<meta property=\"og:site_name\" content=\"Pierre Leclef - Ana\u00efs Descat - Pauline Fontaine\" \/>\n<meta property=\"article:modified_time\" content=\"2018-03-10T09:03:33+00:00\" \/>\n<meta name=\"twitter:card\" content=\"summary_large_image\" \/>\n<meta name=\"twitter:label1\" content=\"Dur\u00e9e de lecture estim\u00e9e\" \/>\n\t<meta name=\"twitter:data1\" content=\"2 minutes\" \/>\n<script type=\"application\/ld+json\" class=\"yoast-schema-graph\">{\"@context\":\"https:\/\/schema.org\",\"@graph\":[{\"@type\":\"WebPage\",\"@id\":\"https:\/\/neuropsychologue-nevers.fr\/index.php\/les-prises-en-charge\/guidance-tdah\/\",\"url\":\"https:\/\/neuropsychologue-nevers.fr\/index.php\/les-prises-en-charge\/guidance-tdah\/\",\"name\":\"Guidance TDAH : pour les adultes ou les parents\",\"isPartOf\":{\"@id\":\"https:\/\/neuropsychologue-nevers.fr\/#website\"},\"datePublished\":\"2018-03-10T08:45:28+00:00\",\"dateModified\":\"2018-03-10T09:03:33+00:00\",\"description\":\"Guidance pour adultes ou parents d'enfants TDAH ; probl\u00e9mes de la vie quotidienne, organisation, devoirs, r\u00e8gles \u00e9ducatives.\",\"breadcrumb\":{\"@id\":\"https:\/\/neuropsychologue-nevers.fr\/index.php\/les-prises-en-charge\/guidance-tdah\/#breadcrumb\"},\"inLanguage\":\"fr-FR\",\"potentialAction\":[{\"@type\":\"ReadAction\",\"target\":[\"https:\/\/neuropsychologue-nevers.fr\/index.php\/les-prises-en-charge\/guidance-tdah\/\"]}]},{\"@type\":\"BreadcrumbList\",\"@id\":\"https:\/\/neuropsychologue-nevers.fr\/index.php\/les-prises-en-charge\/guidance-tdah\/#breadcrumb\",\"itemListElement\":[{\"@type\":\"ListItem\",\"position\":1,\"name\":\"Accueil\",\"item\":\"https:\/\/neuropsychologue-nevers.fr\/\"},{\"@type\":\"ListItem\",\"position\":2,\"name\":\"Les accompagnements\",\"item\":\"https:\/\/neuropsychologue-nevers.fr\/index.php\/les-prises-en-charge\/\"},{\"@type\":\"ListItem\",\"position\":3,\"name\":\"Guidances TDAH : Pour les parents ou pour les adultes\"}]},{\"@type\":\"WebSite\",\"@id\":\"https:\/\/neuropsychologue-nevers.fr\/#website\",\"url\":\"https:\/\/neuropsychologue-nevers.fr\/\",\"name\":\"Pierre Leclef - Ana\u00efs Descat - Pauline Fontaine\",\"description\":\"Cabinet de Neuropsychologie - Nevers\",\"potentialAction\":[{\"@type\":\"SearchAction\",\"target\":{\"@type\":\"EntryPoint\",\"urlTemplate\":\"https:\/\/neuropsychologue-nevers.fr\/?s={search_term_string}\"},\"query-input\":\"required name=search_term_string\"}],\"inLanguage\":\"fr-FR\"}]}<\/script>\n<!-- \/ Yoast SEO plugin. -->","yoast_head_json":{"title":"Guidance TDAH : pour les adultes ou les parents","description":"Guidance pour adultes ou parents d'enfants TDAH ; probl\u00e9mes de la vie quotidienne, organisation, devoirs, r\u00e8gles \u00e9ducatives.","robots":{"index":"index","follow":"follow","max-snippet":"max-snippet:-1","max-image-preview":"max-image-preview:large","max-video-preview":"max-video-preview:-1"},"canonical":"https:\/\/neuropsychologue-nevers.fr\/index.php\/les-prises-en-charge\/guidance-tdah\/","og_locale":"fr_FR","og_type":"article","og_title":"Guidance TDAH : pour les adultes ou les parents","og_description":"Guidance pour adultes ou parents d'enfants TDAH ; probl\u00e9mes de la vie quotidienne, organisation, devoirs, r\u00e8gles \u00e9ducatives.","og_url":"https:\/\/neuropsychologue-nevers.fr\/index.php\/les-prises-en-charge\/guidance-tdah\/","og_site_name":"Pierre Leclef - Ana\u00efs Descat - Pauline Fontaine","article_modified_time":"2018-03-10T09:03:33+00:00","twitter_card":"summary_large_image","twitter_misc":{"Dur\u00e9e de lecture estim\u00e9e":"2 minutes"},"schema":{"@context":"https:\/\/schema.org","@graph":[{"@type":"WebPage","@id":"https:\/\/neuropsychologue-nevers.fr\/index.php\/les-prises-en-charge\/guidance-tdah\/","url":"https:\/\/neuropsychologue-nevers.fr\/index.php\/les-prises-en-charge\/guidance-tdah\/","name":"Guidance TDAH : pour les adultes ou les parents","isPartOf":{"@id":"https:\/\/neuropsychologue-nevers.fr\/#website"},"datePublished":"2018-03-10T08:45:28+00:00","dateModified":"2018-03-10T09:03:33+00:00","description":"Guidance pour adultes ou parents d'enfants TDAH ; probl\u00e9mes de la vie quotidienne, organisation, devoirs, r\u00e8gles \u00e9ducatives.","breadcrumb":{"@id":"https:\/\/neuropsychologue-nevers.fr\/index.php\/les-prises-en-charge\/guidance-tdah\/#breadcrumb"},"inLanguage":"fr-FR","potentialAction":[{"@type":"ReadAction","target":["https:\/\/neuropsychologue-nevers.fr\/index.php\/les-prises-en-charge\/guidance-tdah\/"]}]},{"@type":"BreadcrumbList","@id":"https:\/\/neuropsychologue-nevers.fr\/index.php\/les-prises-en-charge\/guidance-tdah\/#breadcrumb","itemListElement":[{"@type":"ListItem","position":1,"name":"Accueil","item":"https:\/\/neuropsychologue-nevers.fr\/"},{"@type":"ListItem","position":2,"name":"Les accompagnements","item":"https:\/\/neuropsychologue-nevers.fr\/index.php\/les-prises-en-charge\/"},{"@type":"ListItem","position":3,"name":"Guidances TDAH : Pour les parents ou pour les adultes"}]},{"@type":"WebSite","@id":"https:\/\/neuropsychologue-nevers.fr\/#website","url":"https:\/\/neuropsychologue-nevers.fr\/","name":"Pierre Leclef - Ana\u00efs Descat - Pauline Fontaine","description":"Cabinet de Neuropsychologie - Nevers","potentialAction":[{"@type":"SearchAction","target":{"@type":"EntryPoint","urlTemplate":"https:\/\/neuropsychologue-nevers.fr\/?s={search_term_string}"},"query-input":"required name=search_term_string"}],"inLanguage":"fr-FR"}]}},"_links":{"self":[{"href":"https:\/\/neuropsychologue-nevers.fr\/index.php\/wp-json\/wp\/v2\/pages\/144","targetHints":{"allow":["GET"]}}],"collection":[{"href":"https:\/\/neuropsychologue-nevers.fr\/index.php\/wp-json\/wp\/v2\/pages"}],"about":[{"href":"https:\/\/neuropsychologue-nevers.fr\/index.php\/wp-json\/wp\/v2\/types\/page"}],"author":[{"embeddable":true,"href":"https:\/\/neuropsychologue-nevers.fr\/index.php\/wp-json\/wp\/v2\/users\/3"}],"replies":[{"embeddable":true,"href":"https:\/\/neuropsychologue-nevers.fr\/index.php\/wp-json\/wp\/v2\/comments?post=144"}],"version-history":[{"count":8,"href":"https:\/\/neuropsychologue-nevers.fr\/index.php\/wp-json\/wp\/v2\/pages\/144\/revisions"}],"predecessor-version":[{"id":152,"href":"https:\/\/neuropsychologue-nevers.fr\/index.php\/wp-json\/wp\/v2\/pages\/144\/revisions\/152"}],"up":[{"embeddable":true,"href":"https:\/\/neuropsychologue-nevers.fr\/index.php\/wp-json\/wp\/v2\/pages\/23"}],"wp:attachment":[{"href":"https:\/\/neuropsychologue-nevers.fr\/index.php\/wp-json\/wp\/v2\/media?parent=144"}],"curies":[{"name":"wp","href":"https:\/\/api.w.org\/{rel}","templated":true}]}}