{"id":16,"date":"2016-09-08T19:51:42","date_gmt":"2016-09-08T18:51:42","guid":{"rendered":"http:\/\/neuropsychologue-nevers.fr\/?page_id=16"},"modified":"2016-10-05T19:04:20","modified_gmt":"2016-10-05T18:04:20","slug":"le-bilan-neuropsychologique","status":"publish","type":"page","link":"https:\/\/neuropsychologue-nevers.fr\/index.php\/le-bilan-neuropsychologique\/","title":{"rendered":"Le bilan neuropsychologique"},"content":{"rendered":"<h5>Le bilan neuropsychologique : Qu&rsquo;est-ce que c&rsquo;est ?<\/h5>\n<p><strong>Le bilan neuropsychologique est une \u00e9valuation fine et compl\u00e8te des outils mentaux que notre cerveau nous met \u00e0 disposition<\/strong>. Ces diff\u00e9rents outils sont le plus souvent la m\u00e9moire, la concentration. Mais on peut aussi citer le contr\u00f4le du comportement, la capacit\u00e9 \u00e0 s&rsquo;organiser, la vision, la gestion des \u00e9motions et la compr\u00e9hension d&rsquo;autrui.<\/p>\n<p>Un bilan neuropsychologique recouvre plusieurs rendez-vous, qui peuvent durer plusieurs heures.<\/p>\n<p>Premi\u00e8rement, un entretien entre le neuropsychologue, l&rsquo;enfant et ses parents est n\u00e9cessaire. Il sert \u00e0 faire connaissance, d\u00e9finir la demande qui am\u00e8ne \u00e0 consulter, pr\u00e9ciser la situation scolaire et familiale, les donn\u00e9es m\u00e9dicales,&#8230;<\/p>\n<p>Ensuite, deux rendez vous de deux heures sont g\u00e9n\u00e9ralement n\u00e9cessaires. Ce temps est particuli\u00e8rement long. Il\u00a0ne s&rsquo;agit pas de passer un test de m\u00e9moire, un test de concentration,&#8230; Par exemple, pour le domaine de la m\u00e9moire, notre cerveau nous offre plusieurs type de m\u00e9moires, tr\u00e8s diff\u00e9rentes les unes des autres ! Diff\u00e9rentes \u00e9preuves sont donc n\u00e9cessaires. Rappelons que le but d&rsquo;une \u00e9valuation neuropsychologique, c&rsquo;est de dresser un tableau complet des outils mentaux. Passer des tests ne suffit pas non plus. les \u00e9changes entre l&rsquo;enfant et le clinicien, les observations en cours de s\u00e9ance sont \u00e9galement des \u00e9l\u00e9ments importants.<\/p>\n<h5>A quoi \u00e7a sert ?<\/h5>\n<p>Il sera toujours propos\u00e9 \u00e0 l&rsquo;enfant et ses parents un rendez-vous de conclusion. Ce moment est le plus important. Premi\u00e8rement, <strong>il permet d&rsquo;apprendre \u00e0 mieux se conna\u00eetre soi-m\u00eame<\/strong> : je peux avoir des difficult\u00e9s de m\u00e9moire \u00e0 court terme (garder plusieurs consignes en t\u00eate). Mais je peux aussi \u00eatre tr\u00e8s fort pour me souvenir de choses anciennes (enregistrer pour plus tard &#8211; m\u00e9moire \u00e0 long terme). C&rsquo;est primordial pour les parents comme pour l&rsquo;enfant concern\u00e9 de comprendre son fonctionnement dans la vie quotidienne, pour les devoirs&#8230;<\/p>\n<p>Deuxi\u00e8mement, en fonction des conclusions, <strong>une prise en charge peut \u00eatre propos\u00e9e.<\/strong>\u00a0Cela peut \u00eatre\u00a0en neuropsychologie ou vers un autre professionnel (orthophoniste, ergoth\u00e9rapeute, psychomotricien, m\u00e9decin,&#8230;). Des adaptations pour le travail scolaire\u00a0ou\u00a0la vie quotidienne peuvent \u00eatre sugg\u00e9r\u00e9es.<\/p>\n<p>Le bilan neuropsychologique est souvent un \u00e9l\u00e9ment important pour\u00a0soumettre un dossier de reconnaissance de handicap \u00e0 la <a href=\"https:\/\/www.google.fr\/search?q=mdph+nievre&amp;ie=utf-8&amp;oe=utf-8&amp;client=firefox-b&amp;gfe_rd=cr&amp;ei=AbPRV9ypKoax8weGioPoBQ\">MDPH (Maison D\u00e9partementale des Personnes Handicap\u00e9es)<\/a>. Il est aussi souvent utile dans les r\u00e9unions \u00e0 l&rsquo;\u00e9cole (PAI, PAP&#8230;) pour mieux adapter le travail en classe.<\/p>\n<p>&nbsp;<\/p>\n","protected":false},"excerpt":{"rendered":"<p>Le bilan neuropsychologique : Qu&rsquo;est-ce que c&rsquo;est ? Le bilan neuropsychologique est une \u00e9valuation fine et compl\u00e8te des outils mentaux que notre cerveau nous met \u00e0 disposition. Ces diff\u00e9rents outils sont le plus souvent la m\u00e9moire, la concentration. Mais on<\/p>\n","protected":false},"author":3,"featured_media":0,"parent":0,"menu_order":0,"comment_status":"closed","ping_status":"closed","template":"","meta":{"footnotes":""},"class_list":["post-16","page","type-page","status-publish","hentry"],"yoast_head":"<!-- This site is optimized with the Yoast SEO plugin v20.4 - https:\/\/yoast.com\/wordpress\/plugins\/seo\/ -->\n<title>Le bilan neuropsychologique - Pierre Leclef - Ana\u00efs Descat - Pauline Fontaine<\/title>\n<meta name=\"description\" content=\"Le bilan neuropsychologique est une \u00e9valuation fine des outils mentaux : m\u00e9moire, attention, organisation, vision, contr\u00f4le du comportement.\" \/>\n<meta name=\"robots\" content=\"index, follow, max-snippet:-1, max-image-preview:large, max-video-preview:-1\" \/>\n<link rel=\"canonical\" href=\"https:\/\/neuropsychologue-nevers.fr\/index.php\/le-bilan-neuropsychologique\/\" \/>\n<meta property=\"og:locale\" content=\"fr_FR\" \/>\n<meta property=\"og:type\" content=\"article\" \/>\n<meta property=\"og:title\" content=\"Le bilan neuropsychologique - Pierre Leclef - Ana\u00efs Descat - Pauline Fontaine\" \/>\n<meta property=\"og:description\" content=\"Le bilan neuropsychologique est une \u00e9valuation fine des outils mentaux : m\u00e9moire, attention, organisation, vision, contr\u00f4le du comportement.\" \/>\n<meta property=\"og:url\" content=\"https:\/\/neuropsychologue-nevers.fr\/index.php\/le-bilan-neuropsychologique\/\" \/>\n<meta property=\"og:site_name\" content=\"Pierre Leclef - Ana\u00efs Descat - Pauline Fontaine\" \/>\n<meta property=\"article:modified_time\" content=\"2016-10-05T18:04:20+00:00\" \/>\n<meta name=\"twitter:card\" content=\"summary_large_image\" \/>\n<meta name=\"twitter:label1\" content=\"Dur\u00e9e de lecture estim\u00e9e\" \/>\n\t<meta name=\"twitter:data1\" content=\"2 minutes\" \/>\n<script type=\"application\/ld+json\" class=\"yoast-schema-graph\">{\"@context\":\"https:\/\/schema.org\",\"@graph\":[{\"@type\":\"WebPage\",\"@id\":\"https:\/\/neuropsychologue-nevers.fr\/index.php\/le-bilan-neuropsychologique\/\",\"url\":\"https:\/\/neuropsychologue-nevers.fr\/index.php\/le-bilan-neuropsychologique\/\",\"name\":\"Le bilan neuropsychologique - Pierre Leclef - Ana\u00efs Descat - Pauline Fontaine\",\"isPartOf\":{\"@id\":\"https:\/\/neuropsychologue-nevers.fr\/#website\"},\"datePublished\":\"2016-09-08T18:51:42+00:00\",\"dateModified\":\"2016-10-05T18:04:20+00:00\",\"description\":\"Le bilan neuropsychologique est une \u00e9valuation fine des outils mentaux : m\u00e9moire, attention, organisation, vision, contr\u00f4le du comportement.\",\"breadcrumb\":{\"@id\":\"https:\/\/neuropsychologue-nevers.fr\/index.php\/le-bilan-neuropsychologique\/#breadcrumb\"},\"inLanguage\":\"fr-FR\",\"potentialAction\":[{\"@type\":\"ReadAction\",\"target\":[\"https:\/\/neuropsychologue-nevers.fr\/index.php\/le-bilan-neuropsychologique\/\"]}]},{\"@type\":\"BreadcrumbList\",\"@id\":\"https:\/\/neuropsychologue-nevers.fr\/index.php\/le-bilan-neuropsychologique\/#breadcrumb\",\"itemListElement\":[{\"@type\":\"ListItem\",\"position\":1,\"name\":\"Accueil\",\"item\":\"https:\/\/neuropsychologue-nevers.fr\/\"},{\"@type\":\"ListItem\",\"position\":2,\"name\":\"Le bilan neuropsychologique\"}]},{\"@type\":\"WebSite\",\"@id\":\"https:\/\/neuropsychologue-nevers.fr\/#website\",\"url\":\"https:\/\/neuropsychologue-nevers.fr\/\",\"name\":\"Pierre Leclef - Ana\u00efs Descat - Pauline Fontaine\",\"description\":\"Cabinet de Neuropsychologie - Nevers\",\"potentialAction\":[{\"@type\":\"SearchAction\",\"target\":{\"@type\":\"EntryPoint\",\"urlTemplate\":\"https:\/\/neuropsychologue-nevers.fr\/?s={search_term_string}\"},\"query-input\":\"required name=search_term_string\"}],\"inLanguage\":\"fr-FR\"}]}<\/script>\n<!-- \/ Yoast SEO plugin. -->","yoast_head_json":{"title":"Le bilan neuropsychologique - Pierre Leclef - Ana\u00efs Descat - Pauline Fontaine","description":"Le bilan neuropsychologique est une \u00e9valuation fine des outils mentaux : m\u00e9moire, attention, organisation, vision, contr\u00f4le du comportement.","robots":{"index":"index","follow":"follow","max-snippet":"max-snippet:-1","max-image-preview":"max-image-preview:large","max-video-preview":"max-video-preview:-1"},"canonical":"https:\/\/neuropsychologue-nevers.fr\/index.php\/le-bilan-neuropsychologique\/","og_locale":"fr_FR","og_type":"article","og_title":"Le bilan neuropsychologique - Pierre Leclef - Ana\u00efs Descat - Pauline Fontaine","og_description":"Le bilan neuropsychologique est une \u00e9valuation fine des outils mentaux : m\u00e9moire, attention, organisation, vision, contr\u00f4le du comportement.","og_url":"https:\/\/neuropsychologue-nevers.fr\/index.php\/le-bilan-neuropsychologique\/","og_site_name":"Pierre Leclef - Ana\u00efs Descat - Pauline Fontaine","article_modified_time":"2016-10-05T18:04:20+00:00","twitter_card":"summary_large_image","twitter_misc":{"Dur\u00e9e de lecture estim\u00e9e":"2 minutes"},"schema":{"@context":"https:\/\/schema.org","@graph":[{"@type":"WebPage","@id":"https:\/\/neuropsychologue-nevers.fr\/index.php\/le-bilan-neuropsychologique\/","url":"https:\/\/neuropsychologue-nevers.fr\/index.php\/le-bilan-neuropsychologique\/","name":"Le bilan neuropsychologique - Pierre Leclef - Ana\u00efs Descat - Pauline Fontaine","isPartOf":{"@id":"https:\/\/neuropsychologue-nevers.fr\/#website"},"datePublished":"2016-09-08T18:51:42+00:00","dateModified":"2016-10-05T18:04:20+00:00","description":"Le bilan neuropsychologique est une \u00e9valuation fine des outils mentaux : m\u00e9moire, attention, organisation, vision, contr\u00f4le du comportement.","breadcrumb":{"@id":"https:\/\/neuropsychologue-nevers.fr\/index.php\/le-bilan-neuropsychologique\/#breadcrumb"},"inLanguage":"fr-FR","potentialAction":[{"@type":"ReadAction","target":["https:\/\/neuropsychologue-nevers.fr\/index.php\/le-bilan-neuropsychologique\/"]}]},{"@type":"BreadcrumbList","@id":"https:\/\/neuropsychologue-nevers.fr\/index.php\/le-bilan-neuropsychologique\/#breadcrumb","itemListElement":[{"@type":"ListItem","position":1,"name":"Accueil","item":"https:\/\/neuropsychologue-nevers.fr\/"},{"@type":"ListItem","position":2,"name":"Le bilan neuropsychologique"}]},{"@type":"WebSite","@id":"https:\/\/neuropsychologue-nevers.fr\/#website","url":"https:\/\/neuropsychologue-nevers.fr\/","name":"Pierre Leclef - Ana\u00efs Descat - Pauline Fontaine","description":"Cabinet de Neuropsychologie - Nevers","potentialAction":[{"@type":"SearchAction","target":{"@type":"EntryPoint","urlTemplate":"https:\/\/neuropsychologue-nevers.fr\/?s={search_term_string}"},"query-input":"required name=search_term_string"}],"inLanguage":"fr-FR"}]}},"_links":{"self":[{"href":"https:\/\/neuropsychologue-nevers.fr\/index.php\/wp-json\/wp\/v2\/pages\/16","targetHints":{"allow":["GET"]}}],"collection":[{"href":"https:\/\/neuropsychologue-nevers.fr\/index.php\/wp-json\/wp\/v2\/pages"}],"about":[{"href":"https:\/\/neuropsychologue-nevers.fr\/index.php\/wp-json\/wp\/v2\/types\/page"}],"author":[{"embeddable":true,"href":"https:\/\/neuropsychologue-nevers.fr\/index.php\/wp-json\/wp\/v2\/users\/3"}],"replies":[{"embeddable":true,"href":"https:\/\/neuropsychologue-nevers.fr\/index.php\/wp-json\/wp\/v2\/comments?post=16"}],"version-history":[{"count":3,"href":"https:\/\/neuropsychologue-nevers.fr\/index.php\/wp-json\/wp\/v2\/pages\/16\/revisions"}],"predecessor-version":[{"id":46,"href":"https:\/\/neuropsychologue-nevers.fr\/index.php\/wp-json\/wp\/v2\/pages\/16\/revisions\/46"}],"wp:attachment":[{"href":"https:\/\/neuropsychologue-nevers.fr\/index.php\/wp-json\/wp\/v2\/media?parent=16"}],"curies":[{"name":"wp","href":"https:\/\/api.w.org\/{rel}","templated":true}]}}