{"id":2,"date":"2016-09-08T16:56:40","date_gmt":"2016-09-08T15:56:40","guid":{"rendered":"http:\/\/neuropsychologue-nevers.fr\/?page_id=2"},"modified":"2025-12-21T11:44:55","modified_gmt":"2025-12-21T10:44:55","slug":"ouverture-cabinet-de-neuropsychologie-novembre-2016","status":"publish","type":"page","link":"https:\/\/neuropsychologue-nevers.fr\/","title":{"rendered":"Cabinet de Neuropsychologie"},"content":{"rendered":"<h3>Le cabinet de Neuropsychologie &#8211; l&rsquo;activit\u00e9 du psychologue &#8211; neuropsychologue<\/h3>\n<p>L&rsquo;intervention en neuropsychologie est importante dans le cadre des <strong>troubles des apprentissages ou du neurod\u00e9veloppement<\/strong>\u00a0(dyslexie\/dysorthographie, TDAH, troubles neurovisuels, de la m\u00e9moire, <a href=\"https:\/\/www.cartablefantastique.fr\/\">dyspraxie\/trouble du d\u00e9veloppement de la coordination<\/a>&#8230;). Cette aide peut concerner le <strong>diagnostic<\/strong> ou les <strong>aides<\/strong> \u00e0 apporter.<\/p>\n<p>Les personnes avec autisme peuvent \u00e9galement b\u00e9n\u00e9ficier d&rsquo;aides en neuropsychologie ; les troubles du spectre autistique font \u00e9galement partie des troubles du neurod\u00e9veloppement.<\/p>\n<p>Les consultations en neuropsychologie <strong>permettent\u00a0 de mieux se conna\u00eetre<\/strong>. Elles\u00a0aident \u00e0\u00a0d\u00e9terminer avec pr\u00e9cision les <strong>particularit\u00e9s d&rsquo;apprentissage et de comportement<\/strong>. Ces profils sont d\u00e9termin\u00e9s \u00e0 l&rsquo;aide des \u00e9valuations (intellectuelles, neuropsychologiques). Le neuropsychologue <strong>proposera des aides individuelles\u00a0et parentales<\/strong> pour <strong>exploiter au mieux les points forts<\/strong> de la personne.<\/p>\n<p>Le cabinet de Neuropsychologie est situ\u00e9 dans le <strong>centre-ville de Nevers, \u00e0 proximit\u00e9 de la gare et de parkings<\/strong>. Il se situe au 9bis, rue Saint-Didier.<\/p>\n<p>&nbsp;<\/p>\n<h5>Les consultations<\/h5>\n<p>Pour les enfants, les consultations suivantes sont notamment propos\u00e9es :<\/p>\n<ul>\n<li>Bilans psychologiques, comprenant une \u00e9valuation du fonctionnement intellectuel (QI)<\/li>\n<li><a href=\"https:\/\/neuropsychologue-nevers.fr\/index.php\/le-bilan-neuropsychologique\/\">Bilans neuropsychologiques complets<\/a>, incluant \u00e9valuation intellectuelle et neuropsychologique<\/li>\n<li>Accompagnements individuels et\/ou parentaux.<\/li>\n<li>Travail incluant l&rsquo;enfant ou l&rsquo;adolescent, ses parents et ses enseignants pour adapter les difficult\u00e9s d&rsquo;apprentissage et mettre en valeur les points d&rsquo;appuis.<\/li>\n<\/ul>\n<p>Pour les adultes, des consultations existent au niveau des troubles anciens des apprentissages (dyspraxie, trouble du langage,&#8230;) ou des difficult\u00e9s relatives au trouble d\u00e9ficitaire avec ou sans hyperactivit\u00e9 (TDAh). Des prises en charge sont \u00e9galement envisag\u00e9es dans le cadre des troubles de l&rsquo;autisme (TSA &#8211; trouble du spectre autistique).<\/p>\n<p>Les \u00e9valuations en neuropsychologies sont parfois requises dans le parcours de soin et pour la <a href=\"https:\/\/neuropsychologue-nevers.fr\/index.php\/laide-de-la-mdph\/\">constitution d&rsquo;un dossier MDPH (fiches d&rsquo;aide ici)<\/a><\/p>\n<h5>\u00a0Prise de contact &#8211;<\/h5>\n<ul>\n<li>Pierre Leclef : 07 68 16 53 62\u00a0 \u00a0&#8211;\u00a0 neuropsychologue.nevers[arobase]gmail.com<\/li>\n<li>Pauline Fontaine : 06 09 81 00 82 &#8211; pauline.neuropsychologue[arobase]gmail.com<\/li>\n<li><a href=\"https:\/\/neuropsychologue-nevers.fr\/index.php\/prise-de-contact\/\">Formulaire de prise de contact imm\u00e9diate<\/a><\/li>\n<\/ul>\n<h5>Avant de venir pour un premier rendez-vous<\/h5>\n<p>N&rsquo;h\u00e9sitez pas \u00e0 venir avec tous les \u00e9l\u00e9ments qui vous sembleront pertinents. D&rsquo;une mani\u00e8re g\u00e9n\u00e9rale, tous les comptes-rendus de consultation ou de bilans obtenus ailleurs sont utiles.<\/p>\n<p>Si vous avez consult\u00e9 ou si vous consultez actuellement en structure (SESSAD, CMP, IME, CMPP,&#8230;), n&rsquo;h\u00e9sitez pas \u00e0 demander le dossier de votre enfant pour pr\u00e9parer au mieux la consultation. <a href=\"https:\/\/www.service-public.fr\/particuliers\/vosdroits\/F12210\">L&rsquo;acc\u00e8s au dossier m\u00e9dical est un droit du patient<\/a> (Loi du 4 Mars 2002 ; d\u00e9crit du 29 Avril 2002).<\/p>\n","protected":false},"excerpt":{"rendered":"<p>Le cabinet de Neuropsychologie &#8211; l&rsquo;activit\u00e9 du psychologue &#8211; neuropsychologue L&rsquo;intervention en neuropsychologie est importante dans le cadre des troubles des apprentissages ou du neurod\u00e9veloppement\u00a0(dyslexie\/dysorthographie, TDAH, troubles neurovisuels, de la m\u00e9moire, dyspraxie\/trouble du d\u00e9veloppement de la coordination&#8230;). Cette aide peut<\/p>\n","protected":false},"author":3,"featured_media":0,"parent":0,"menu_order":0,"comment_status":"closed","ping_status":"open","template":"","meta":{"footnotes":""},"class_list":["post-2","page","type-page","status-publish","hentry"],"yoast_head":"<!-- This site is optimized with the Yoast SEO plugin v20.4 - https:\/\/yoast.com\/wordpress\/plugins\/seo\/ -->\n<title>Neuropsychologue - Nevers, Ni\u00e8vre (58) - Pierre Leclef - Bilans &amp; suivis.<\/title>\n<meta name=\"description\" content=\"Neuropsychologue \u00e0 Nevers, Ni\u00e8vre. Bilans psychologiques intellectuels (QI), bilans neuropsychologiques, accompagnement, guidance.\" \/>\n<meta name=\"robots\" content=\"index, follow, max-snippet:-1, max-image-preview:large, max-video-preview:-1\" \/>\n<link rel=\"canonical\" href=\"https:\/\/neuropsychologue-nevers.fr\/\" \/>\n<meta property=\"og:locale\" content=\"fr_FR\" \/>\n<meta property=\"og:type\" content=\"article\" \/>\n<meta property=\"og:title\" content=\"Neuropsychologue - Nevers, Ni\u00e8vre (58) - Pierre Leclef - Bilans &amp; suivis.\" \/>\n<meta property=\"og:description\" content=\"Neuropsychologue \u00e0 Nevers, Ni\u00e8vre. Bilans psychologiques intellectuels (QI), bilans neuropsychologiques, accompagnement, guidance.\" \/>\n<meta property=\"og:url\" content=\"https:\/\/neuropsychologue-nevers.fr\/\" \/>\n<meta property=\"og:site_name\" content=\"Pierre Leclef - Ana\u00efs Descat - Pauline Fontaine\" \/>\n<meta property=\"article:modified_time\" content=\"2025-12-21T10:44:55+00:00\" \/>\n<meta name=\"twitter:card\" content=\"summary_large_image\" \/>\n<meta name=\"twitter:label1\" content=\"Dur\u00e9e de lecture estim\u00e9e\" \/>\n\t<meta name=\"twitter:data1\" content=\"2 minutes\" \/>\n<script type=\"application\/ld+json\" class=\"yoast-schema-graph\">{\"@context\":\"https:\/\/schema.org\",\"@graph\":[{\"@type\":\"WebPage\",\"@id\":\"https:\/\/neuropsychologue-nevers.fr\/\",\"url\":\"https:\/\/neuropsychologue-nevers.fr\/\",\"name\":\"Neuropsychologue - Nevers, Ni\u00e8vre (58) - Pierre Leclef - Bilans & suivis.\",\"isPartOf\":{\"@id\":\"https:\/\/neuropsychologue-nevers.fr\/#website\"},\"datePublished\":\"2016-09-08T15:56:40+00:00\",\"dateModified\":\"2025-12-21T10:44:55+00:00\",\"description\":\"Neuropsychologue \u00e0 Nevers, Ni\u00e8vre. Bilans psychologiques intellectuels (QI), bilans neuropsychologiques, accompagnement, guidance.\",\"breadcrumb\":{\"@id\":\"https:\/\/neuropsychologue-nevers.fr\/#breadcrumb\"},\"inLanguage\":\"fr-FR\",\"potentialAction\":[{\"@type\":\"ReadAction\",\"target\":[\"https:\/\/neuropsychologue-nevers.fr\/\"]}]},{\"@type\":\"BreadcrumbList\",\"@id\":\"https:\/\/neuropsychologue-nevers.fr\/#breadcrumb\",\"itemListElement\":[{\"@type\":\"ListItem\",\"position\":1,\"name\":\"Accueil\",\"item\":\"https:\/\/neuropsychologue-nevers.fr\/\"},{\"@type\":\"ListItem\",\"position\":2,\"name\":\"Cabinet de Neuropsychologie\"}]},{\"@type\":\"WebSite\",\"@id\":\"https:\/\/neuropsychologue-nevers.fr\/#website\",\"url\":\"https:\/\/neuropsychologue-nevers.fr\/\",\"name\":\"Pierre Leclef - Ana\u00efs Descat - Pauline Fontaine\",\"description\":\"Cabinet de Neuropsychologie - Nevers\",\"potentialAction\":[{\"@type\":\"SearchAction\",\"target\":{\"@type\":\"EntryPoint\",\"urlTemplate\":\"https:\/\/neuropsychologue-nevers.fr\/?s={search_term_string}\"},\"query-input\":\"required name=search_term_string\"}],\"inLanguage\":\"fr-FR\"}]}<\/script>\n<!-- \/ Yoast SEO plugin. -->","yoast_head_json":{"title":"Neuropsychologue - Nevers, Ni\u00e8vre (58) - Pierre Leclef - Bilans & suivis.","description":"Neuropsychologue \u00e0 Nevers, Ni\u00e8vre. Bilans psychologiques intellectuels (QI), bilans neuropsychologiques, accompagnement, guidance.","robots":{"index":"index","follow":"follow","max-snippet":"max-snippet:-1","max-image-preview":"max-image-preview:large","max-video-preview":"max-video-preview:-1"},"canonical":"https:\/\/neuropsychologue-nevers.fr\/","og_locale":"fr_FR","og_type":"article","og_title":"Neuropsychologue - Nevers, Ni\u00e8vre (58) - Pierre Leclef - Bilans & suivis.","og_description":"Neuropsychologue \u00e0 Nevers, Ni\u00e8vre. Bilans psychologiques intellectuels (QI), bilans neuropsychologiques, accompagnement, guidance.","og_url":"https:\/\/neuropsychologue-nevers.fr\/","og_site_name":"Pierre Leclef - Ana\u00efs Descat - Pauline Fontaine","article_modified_time":"2025-12-21T10:44:55+00:00","twitter_card":"summary_large_image","twitter_misc":{"Dur\u00e9e de lecture estim\u00e9e":"2 minutes"},"schema":{"@context":"https:\/\/schema.org","@graph":[{"@type":"WebPage","@id":"https:\/\/neuropsychologue-nevers.fr\/","url":"https:\/\/neuropsychologue-nevers.fr\/","name":"Neuropsychologue - Nevers, Ni\u00e8vre (58) - Pierre Leclef - Bilans & suivis.","isPartOf":{"@id":"https:\/\/neuropsychologue-nevers.fr\/#website"},"datePublished":"2016-09-08T15:56:40+00:00","dateModified":"2025-12-21T10:44:55+00:00","description":"Neuropsychologue \u00e0 Nevers, Ni\u00e8vre. Bilans psychologiques intellectuels (QI), bilans neuropsychologiques, accompagnement, guidance.","breadcrumb":{"@id":"https:\/\/neuropsychologue-nevers.fr\/#breadcrumb"},"inLanguage":"fr-FR","potentialAction":[{"@type":"ReadAction","target":["https:\/\/neuropsychologue-nevers.fr\/"]}]},{"@type":"BreadcrumbList","@id":"https:\/\/neuropsychologue-nevers.fr\/#breadcrumb","itemListElement":[{"@type":"ListItem","position":1,"name":"Accueil","item":"https:\/\/neuropsychologue-nevers.fr\/"},{"@type":"ListItem","position":2,"name":"Cabinet de Neuropsychologie"}]},{"@type":"WebSite","@id":"https:\/\/neuropsychologue-nevers.fr\/#website","url":"https:\/\/neuropsychologue-nevers.fr\/","name":"Pierre Leclef - Ana\u00efs Descat - Pauline Fontaine","description":"Cabinet de Neuropsychologie - Nevers","potentialAction":[{"@type":"SearchAction","target":{"@type":"EntryPoint","urlTemplate":"https:\/\/neuropsychologue-nevers.fr\/?s={search_term_string}"},"query-input":"required name=search_term_string"}],"inLanguage":"fr-FR"}]}},"_links":{"self":[{"href":"https:\/\/neuropsychologue-nevers.fr\/index.php\/wp-json\/wp\/v2\/pages\/2","targetHints":{"allow":["GET"]}}],"collection":[{"href":"https:\/\/neuropsychologue-nevers.fr\/index.php\/wp-json\/wp\/v2\/pages"}],"about":[{"href":"https:\/\/neuropsychologue-nevers.fr\/index.php\/wp-json\/wp\/v2\/types\/page"}],"author":[{"embeddable":true,"href":"https:\/\/neuropsychologue-nevers.fr\/index.php\/wp-json\/wp\/v2\/users\/3"}],"replies":[{"embeddable":true,"href":"https:\/\/neuropsychologue-nevers.fr\/index.php\/wp-json\/wp\/v2\/comments?post=2"}],"version-history":[{"count":57,"href":"https:\/\/neuropsychologue-nevers.fr\/index.php\/wp-json\/wp\/v2\/pages\/2\/revisions"}],"predecessor-version":[{"id":458,"href":"https:\/\/neuropsychologue-nevers.fr\/index.php\/wp-json\/wp\/v2\/pages\/2\/revisions\/458"}],"wp:attachment":[{"href":"https:\/\/neuropsychologue-nevers.fr\/index.php\/wp-json\/wp\/v2\/media?parent=2"}],"curies":[{"name":"wp","href":"https:\/\/api.w.org\/{rel}","templated":true}]}}