{"id":202,"date":"2018-09-18T22:00:07","date_gmt":"2018-09-18T21:00:07","guid":{"rendered":"http:\/\/neuropsychologue-nevers.fr\/?page_id=202"},"modified":"2018-09-18T22:00:07","modified_gmt":"2018-09-18T21:00:07","slug":"les-troubles-dys","status":"publish","type":"page","link":"https:\/\/neuropsychologue-nevers.fr\/index.php\/troubles-cognitifs\/les-troubles-dys\/","title":{"rendered":"Les troubles dys"},"content":{"rendered":"<h4>Les troubles dys : Dyslexie, dyspraxie, dysgraphie,&#8230; Comment s&rsquo;y retrouver ?<\/h4>\n<p>Les troubles dys, dont on parle de plus en plus (enfin !), regroupent des difficult\u00e9s multiples et tr\u00e8s diverses.<\/p>\n<p>Ces \u00ab\u00a0\u00e9tiquettes\u00a0\u00bb ont des avantages. N\u00e9gliger de poser un diagnostic est une erreur, souvent entretenue par des professionnels \u00ab\u00a0ne souhaitant pas mettre des enfants dans des cases\u00a0\u00bb. Il est important de distinguer \u00ab\u00a0\u00e9tiquette\u00a0\u00bb et \u00ab\u00a0erreur de diagnostic\u00a0\u00bb. Les consultations en neuropsychologie participent activement au diagnostic des troubles dys.<\/p>\n<h4>C&rsquo;est quoi les troubles dys ?<\/h4>\n<p><strong>Difficile de r\u00e9pondre rapidement<\/strong>. Chaque personne a des capacit\u00e9s diff\u00e9rentes de son voisin en m\u00e9moire, pour son concentrer, r\u00e9fl\u00e9chir ; nous avons chacun notre vocabulaire propre et nos exp\u00e9riences personnelles qui influencent nos capacit\u00e9s cognitives.<\/p>\n<p><strong>Mais on peut retenir quelque chose de simple<\/strong> : un trouble DYS = un trouble de l&rsquo;automatisation d&rsquo;un outil mental !<\/p>\n<p>La dyslexie = un trouble d&rsquo;automatisation du langage \u00e9crit.<\/p>\n<p>La dyspraxie\/TDC = un trouble de l&rsquo;automatisation du contr\u00f4le des gestes et de la repr\u00e9sentation du corps dans l&rsquo;espace.<\/p>\n<p>La dyscalculie = un trouble de l&rsquo;automatisation des processus arithm\u00e9tiques et\/ou num\u00e9riques.<\/p>\n<p>On retiendra donc que dans le cas d&rsquo;un trouble DYS, <strong>il y a un processus qui continue de consommer beaucoup d&rsquo;attention, beaucoup \u00ab\u00a0d&rsquo;\u00e9nergie mentale\u00a0\u00bb alors que cela ne devrait plus \u00eatre le cas<\/strong>. Par exemple, la lecture restera une t\u00e2che consciente, difficile et fatigante, source d&rsquo;erreur, pour une personne dyslexique.<\/p>\n<h4>Les \u00e9tiquettes \u00ab\u00a0DYS\u00a0\u00bb ont leurs avantages !\u00a0Nommer les difficult\u00e9s de l&rsquo;enfant, cela permet :<\/h4>\n<p>&gt;\u00a0Pour les parents:\u00a0\u00a0\u00ab\u00a0poser leur valise\u00a0\u00bb. Nommer les difficult\u00e9s, c&rsquo;est la fin du parcours de recherche des troubles. Ceux-ci existent, ils portent un nom, les inqui\u00e9tudes sont l\u00e9gitimes. C&rsquo;est souvent un deuil, apprendre que son enfant a un trouble. Mais en m\u00eame temps, identifier un trouble, c&rsquo;est mettre de c\u00f4t\u00e9 d&rsquo;autres probl\u00e9matiques.<\/p>\n<p>&gt; Pour les enfants : Mieux se comprendre. C&rsquo;est essentiel. Dans les troubles des apprentissages, la perte de confiance de l&rsquo;enfant dans ses capacit\u00e9s est fr\u00e9quente, voire syst\u00e9matique. Apprendre qu&rsquo;on a <strong>un<\/strong> probl\u00e8me, c&rsquo;est aussi apprendre qu&rsquo;on a <strong>pas que des<\/strong> probl\u00e8mes.<\/p>\n<p>&gt; Elles permettent la communication entre les professionnels.<\/p>\n<p>&gt; Elles permettent la reconnaissance des troubles par l&rsquo;\u00e9cole, par les organismes tels que la MDPH ou la m\u00e9decine scolaire.\u00a0Nommer les troubles est un acte essentiel pour pouvoir les adapter \u00e0 l&rsquo;\u00e9cole et \u00e0 la maison.<\/p>\n<h4>Les \u00e9tiquettes \u00ab\u00a0DYS\u00a0\u00bb ont aussi leurs d\u00e9fauts !<\/h4>\n<p>&gt; L&rsquo;\u00e9tiquette ne donne pas d&rsquo;explication sur le profil de la personne. Elle donne une explication g\u00e9n\u00e9rale sur le type de difficult\u00e9s, mais on ne conna\u00eet ni ses points forts, ni ses points faibles personnels. Les bilans (orthophoniques, neuropsychologiques,&#8230;) participent \u00e0 l&rsquo;\u00e9tiquette, mais donnent aussi des informations essentielles sur le profil de la personne.<\/p>\n<p>&gt; L&rsquo;\u00e9tiquette est fixe dans le temps, alors que l&rsquo;enfant grandit, ainsi que son cerveau. Si une personne est dyslexique, c&rsquo;est pour toujours. Mais l&rsquo;intensit\u00e9 de ses difficult\u00e9s, ses strat\u00e9gies de compensation \u00e9voluent avec son \u00e2ge, son exp\u00e9rience de la vie,&#8230;<\/p>\n<p>&gt; Tout n&rsquo;est pas trouble dys ! Un retard en lecture n&rsquo;est pas une dyslexie. Un travail de qualit\u00e9 au niveau des \u00e9valuations est indispensable.<\/p>\n","protected":false},"excerpt":{"rendered":"<p>Les troubles dys : Dyslexie, dyspraxie, dysgraphie,&#8230; Comment s&rsquo;y retrouver ? Les troubles dys, dont on parle de plus en plus (enfin !), regroupent des difficult\u00e9s multiples et tr\u00e8s diverses. Ces \u00ab\u00a0\u00e9tiquettes\u00a0\u00bb ont des avantages. N\u00e9gliger de poser un diagnostic<\/p>\n","protected":false},"author":3,"featured_media":0,"parent":38,"menu_order":0,"comment_status":"closed","ping_status":"closed","template":"","meta":{"footnotes":""},"class_list":["post-202","page","type-page","status-publish","hentry"],"yoast_head":"<!-- This site is optimized with the Yoast SEO plugin v20.4 - https:\/\/yoast.com\/wordpress\/plugins\/seo\/ -->\n<title>Les troubles dys - Pierre Leclef - Ana\u00efs Descat - Pauline Fontaine<\/title>\n<meta name=\"description\" content=\"Les troubles dys : comment les d\u00e9finir ? Dyslexie, Dyspraxie, Dysgraphie, comment s&#039;y retrouver ? Les \u00e9tiquettes, est-ce que c&#039;est utile ?\" \/>\n<meta name=\"robots\" content=\"index, follow, max-snippet:-1, max-image-preview:large, max-video-preview:-1\" \/>\n<link rel=\"canonical\" href=\"https:\/\/neuropsychologue-nevers.fr\/index.php\/troubles-cognitifs\/les-troubles-dys\/\" \/>\n<meta property=\"og:locale\" content=\"fr_FR\" \/>\n<meta property=\"og:type\" content=\"article\" \/>\n<meta property=\"og:title\" content=\"Les troubles dys - Pierre Leclef - Ana\u00efs Descat - Pauline Fontaine\" \/>\n<meta property=\"og:description\" content=\"Les troubles dys : comment les d\u00e9finir ? Dyslexie, Dyspraxie, Dysgraphie, comment s&#039;y retrouver ? Les \u00e9tiquettes, est-ce que c&#039;est utile ?\" \/>\n<meta property=\"og:url\" content=\"https:\/\/neuropsychologue-nevers.fr\/index.php\/troubles-cognitifs\/les-troubles-dys\/\" \/>\n<meta property=\"og:site_name\" content=\"Pierre Leclef - Ana\u00efs Descat - Pauline Fontaine\" \/>\n<meta name=\"twitter:card\" content=\"summary_large_image\" \/>\n<meta name=\"twitter:label1\" content=\"Dur\u00e9e de lecture estim\u00e9e\" \/>\n\t<meta name=\"twitter:data1\" content=\"3 minutes\" \/>\n<script type=\"application\/ld+json\" class=\"yoast-schema-graph\">{\"@context\":\"https:\/\/schema.org\",\"@graph\":[{\"@type\":\"WebPage\",\"@id\":\"https:\/\/neuropsychologue-nevers.fr\/index.php\/troubles-cognitifs\/les-troubles-dys\/\",\"url\":\"https:\/\/neuropsychologue-nevers.fr\/index.php\/troubles-cognitifs\/les-troubles-dys\/\",\"name\":\"Les troubles dys - Pierre Leclef - Ana\u00efs Descat - Pauline Fontaine\",\"isPartOf\":{\"@id\":\"https:\/\/neuropsychologue-nevers.fr\/#website\"},\"datePublished\":\"2018-09-18T21:00:07+00:00\",\"dateModified\":\"2018-09-18T21:00:07+00:00\",\"description\":\"Les troubles dys : comment les d\u00e9finir ? Dyslexie, Dyspraxie, Dysgraphie, comment s'y retrouver ? Les \u00e9tiquettes, est-ce que c'est utile ?\",\"breadcrumb\":{\"@id\":\"https:\/\/neuropsychologue-nevers.fr\/index.php\/troubles-cognitifs\/les-troubles-dys\/#breadcrumb\"},\"inLanguage\":\"fr-FR\",\"potentialAction\":[{\"@type\":\"ReadAction\",\"target\":[\"https:\/\/neuropsychologue-nevers.fr\/index.php\/troubles-cognitifs\/les-troubles-dys\/\"]}]},{\"@type\":\"BreadcrumbList\",\"@id\":\"https:\/\/neuropsychologue-nevers.fr\/index.php\/troubles-cognitifs\/les-troubles-dys\/#breadcrumb\",\"itemListElement\":[{\"@type\":\"ListItem\",\"position\":1,\"name\":\"Accueil\",\"item\":\"https:\/\/neuropsychologue-nevers.fr\/\"},{\"@type\":\"ListItem\",\"position\":2,\"name\":\"Troubles des Apprentissages\",\"item\":\"https:\/\/neuropsychologue-nevers.fr\/index.php\/troubles-cognitifs\/\"},{\"@type\":\"ListItem\",\"position\":3,\"name\":\"Les troubles dys\"}]},{\"@type\":\"WebSite\",\"@id\":\"https:\/\/neuropsychologue-nevers.fr\/#website\",\"url\":\"https:\/\/neuropsychologue-nevers.fr\/\",\"name\":\"Pierre Leclef - Ana\u00efs Descat - Pauline Fontaine\",\"description\":\"Cabinet de Neuropsychologie - Nevers\",\"potentialAction\":[{\"@type\":\"SearchAction\",\"target\":{\"@type\":\"EntryPoint\",\"urlTemplate\":\"https:\/\/neuropsychologue-nevers.fr\/?s={search_term_string}\"},\"query-input\":\"required name=search_term_string\"}],\"inLanguage\":\"fr-FR\"}]}<\/script>\n<!-- \/ Yoast SEO plugin. -->","yoast_head_json":{"title":"Les troubles dys - Pierre Leclef - Ana\u00efs Descat - Pauline Fontaine","description":"Les troubles dys : comment les d\u00e9finir ? Dyslexie, Dyspraxie, Dysgraphie, comment s'y retrouver ? Les \u00e9tiquettes, est-ce que c'est utile ?","robots":{"index":"index","follow":"follow","max-snippet":"max-snippet:-1","max-image-preview":"max-image-preview:large","max-video-preview":"max-video-preview:-1"},"canonical":"https:\/\/neuropsychologue-nevers.fr\/index.php\/troubles-cognitifs\/les-troubles-dys\/","og_locale":"fr_FR","og_type":"article","og_title":"Les troubles dys - Pierre Leclef - Ana\u00efs Descat - Pauline Fontaine","og_description":"Les troubles dys : comment les d\u00e9finir ? Dyslexie, Dyspraxie, Dysgraphie, comment s'y retrouver ? Les \u00e9tiquettes, est-ce que c'est utile ?","og_url":"https:\/\/neuropsychologue-nevers.fr\/index.php\/troubles-cognitifs\/les-troubles-dys\/","og_site_name":"Pierre Leclef - Ana\u00efs Descat - Pauline Fontaine","twitter_card":"summary_large_image","twitter_misc":{"Dur\u00e9e de lecture estim\u00e9e":"3 minutes"},"schema":{"@context":"https:\/\/schema.org","@graph":[{"@type":"WebPage","@id":"https:\/\/neuropsychologue-nevers.fr\/index.php\/troubles-cognitifs\/les-troubles-dys\/","url":"https:\/\/neuropsychologue-nevers.fr\/index.php\/troubles-cognitifs\/les-troubles-dys\/","name":"Les troubles dys - Pierre Leclef - Ana\u00efs Descat - Pauline Fontaine","isPartOf":{"@id":"https:\/\/neuropsychologue-nevers.fr\/#website"},"datePublished":"2018-09-18T21:00:07+00:00","dateModified":"2018-09-18T21:00:07+00:00","description":"Les troubles dys : comment les d\u00e9finir ? Dyslexie, Dyspraxie, Dysgraphie, comment s'y retrouver ? Les \u00e9tiquettes, est-ce que c'est utile ?","breadcrumb":{"@id":"https:\/\/neuropsychologue-nevers.fr\/index.php\/troubles-cognitifs\/les-troubles-dys\/#breadcrumb"},"inLanguage":"fr-FR","potentialAction":[{"@type":"ReadAction","target":["https:\/\/neuropsychologue-nevers.fr\/index.php\/troubles-cognitifs\/les-troubles-dys\/"]}]},{"@type":"BreadcrumbList","@id":"https:\/\/neuropsychologue-nevers.fr\/index.php\/troubles-cognitifs\/les-troubles-dys\/#breadcrumb","itemListElement":[{"@type":"ListItem","position":1,"name":"Accueil","item":"https:\/\/neuropsychologue-nevers.fr\/"},{"@type":"ListItem","position":2,"name":"Troubles des Apprentissages","item":"https:\/\/neuropsychologue-nevers.fr\/index.php\/troubles-cognitifs\/"},{"@type":"ListItem","position":3,"name":"Les troubles dys"}]},{"@type":"WebSite","@id":"https:\/\/neuropsychologue-nevers.fr\/#website","url":"https:\/\/neuropsychologue-nevers.fr\/","name":"Pierre Leclef - Ana\u00efs Descat - Pauline Fontaine","description":"Cabinet de Neuropsychologie - Nevers","potentialAction":[{"@type":"SearchAction","target":{"@type":"EntryPoint","urlTemplate":"https:\/\/neuropsychologue-nevers.fr\/?s={search_term_string}"},"query-input":"required name=search_term_string"}],"inLanguage":"fr-FR"}]}},"_links":{"self":[{"href":"https:\/\/neuropsychologue-nevers.fr\/index.php\/wp-json\/wp\/v2\/pages\/202","targetHints":{"allow":["GET"]}}],"collection":[{"href":"https:\/\/neuropsychologue-nevers.fr\/index.php\/wp-json\/wp\/v2\/pages"}],"about":[{"href":"https:\/\/neuropsychologue-nevers.fr\/index.php\/wp-json\/wp\/v2\/types\/page"}],"author":[{"embeddable":true,"href":"https:\/\/neuropsychologue-nevers.fr\/index.php\/wp-json\/wp\/v2\/users\/3"}],"replies":[{"embeddable":true,"href":"https:\/\/neuropsychologue-nevers.fr\/index.php\/wp-json\/wp\/v2\/comments?post=202"}],"version-history":[{"count":2,"href":"https:\/\/neuropsychologue-nevers.fr\/index.php\/wp-json\/wp\/v2\/pages\/202\/revisions"}],"predecessor-version":[{"id":204,"href":"https:\/\/neuropsychologue-nevers.fr\/index.php\/wp-json\/wp\/v2\/pages\/202\/revisions\/204"}],"up":[{"embeddable":true,"href":"https:\/\/neuropsychologue-nevers.fr\/index.php\/wp-json\/wp\/v2\/pages\/38"}],"wp:attachment":[{"href":"https:\/\/neuropsychologue-nevers.fr\/index.php\/wp-json\/wp\/v2\/media?parent=202"}],"curies":[{"name":"wp","href":"https:\/\/api.w.org\/{rel}","templated":true}]}}