{"id":276,"date":"2020-12-20T12:05:01","date_gmt":"2020-12-20T11:05:01","guid":{"rendered":"http:\/\/neuropsychologue-nevers.fr\/?page_id=276"},"modified":"2021-01-30T09:48:14","modified_gmt":"2021-01-30T08:48:14","slug":"prise-de-contact-isabelle-deschamps","status":"publish","type":"page","link":"https:\/\/neuropsychologue-nevers.fr\/index.php\/prise-de-contact-isabelle-deschamps\/","title":{"rendered":"Prise de contact &#8211; Isabelle Deschamps"},"content":{"rendered":"\r\n<h2 class=\"wp-block-heading\">Prise de contact<\/h2>\r\n\r\n\r\n\r\n<p>N&rsquo;h\u00e9sitez pas \u00e0 prendre contact pour une demande de <strong>th\u00e9rapie individuelle<\/strong> (temps de soutien et d&rsquo;\u00e9coute, espace tourn\u00e9 vers le changement afin d&rsquo;am\u00e9liorer et de soulager les souffrances psychiques), une demande de <strong>th\u00e9rapie de couple<\/strong>, de <strong>th\u00e9rapie familiale <\/strong>(temps qui a pour objectif de d\u00e9tecter l&rsquo;origine des relations dysfonctionnelles des parents, de la fratrie ou du couple), ou d&rsquo;un <strong>bilan<\/strong> (qui a pour objectif d&rsquo;\u00e9valuer le fonctionnement intellectuel et\/ou affectif de la personne \u00e0 un moment donn\u00e9 de son d\u00e9veloppement).<\/p>\r\n<p>Ayant suivi mes \u00e9tudes de psychologie \u00e0 l\u2019universit\u00e9 de Dijon, je me suis orient\u00e9e pour le Master2 \u00e0 l\u2019universit\u00e9 de Poitiers qui proposait un dipl\u00f4me centr\u00e9 sur les troubles et le d\u00e9veloppement du langage. J\u2019ai ensuite travaill\u00e9 dans plusieurs structures, principalement dans le domaine du handicap. Travaillant sur Nevers depuis une quinzaine d\u2019ann\u00e9es, je me suis \u00e9galement form\u00e9e \u00e0 la th\u00e9rapie familiale syst\u00e9mique avec l\u2019organisme \u00ab R\u00e9seau \u00bb, \u00e0 Dijon. Mon activit\u00e9 principale est encore une activit\u00e9 salari\u00e9e \u00e0 laquelle je tiens pour le travail d\u2019\u00e9quipe que celle-ci m\u2019offre. Actuellement, je prends en charge des enfants et des adolescents atteints de diff\u00e9rents troubles.\u00a0<\/p>\r\n\r\n\r\n\n<div class=\"wpcf7 no-js\" id=\"wpcf7-f279-o1\" lang=\"fr-FR\" dir=\"ltr\" data-wpcf7-id=\"279\">\n<div class=\"screen-reader-response\"><p role=\"status\" aria-live=\"polite\" aria-atomic=\"true\"><\/p> <ul><\/ul><\/div>\n<form action=\"\/index.php\/wp-json\/wp\/v2\/pages\/276#wpcf7-f279-o1\" method=\"post\" class=\"wpcf7-form init\" aria-label=\"Formulaire de contact\" novalidate=\"novalidate\" data-status=\"init\">\n<fieldset class=\"hidden-fields-container\"><input type=\"hidden\" name=\"_wpcf7\" value=\"279\" \/><input type=\"hidden\" name=\"_wpcf7_version\" value=\"6.1.5\" \/><input type=\"hidden\" name=\"_wpcf7_locale\" value=\"fr_FR\" \/><input type=\"hidden\" name=\"_wpcf7_unit_tag\" value=\"wpcf7-f279-o1\" \/><input type=\"hidden\" name=\"_wpcf7_container_post\" value=\"0\" \/><input type=\"hidden\" name=\"_wpcf7_posted_data_hash\" value=\"\" \/>\n<\/fieldset>\n<p><label> Votre nom & pr\u00e9nom (obligatoire)<br \/>\n<span class=\"wpcf7-form-control-wrap\" data-name=\"your-name\"><input size=\"40\" maxlength=\"400\" class=\"wpcf7-form-control wpcf7-text wpcf7-validates-as-required\" aria-required=\"true\" aria-invalid=\"false\" value=\"\" type=\"text\" name=\"your-name\" \/><\/span> <\/label>\n<\/p>\n<p><label> Le nom & pr\u00e9nom de votre enfant si vous consultez pour lui :<br \/>\n<span class=\"wpcf7-form-control-wrap\" data-name=\"enfant-name\"><input size=\"40\" maxlength=\"400\" class=\"wpcf7-form-control wpcf7-text\" aria-invalid=\"false\" value=\"\" type=\"text\" name=\"enfant-name\" \/><\/span> <\/label>\n<\/p>\n<p><label> Votre e-mail (obligatoire)<br \/>\n<span class=\"wpcf7-form-control-wrap\" data-name=\"your-email\"><input size=\"40\" maxlength=\"400\" class=\"wpcf7-form-control wpcf7-email wpcf7-validates-as-required wpcf7-text wpcf7-validates-as-email\" aria-required=\"true\" aria-invalid=\"false\" value=\"\" type=\"email\" name=\"your-email\" \/><\/span> <\/label>\n<\/p>\n<p><label> Votre num\u00e9ro (obligatoire)<br \/>\n<span class=\"wpcf7-form-control-wrap\" data-name=\"tel-611\"><input size=\"40\" maxlength=\"400\" class=\"wpcf7-form-control wpcf7-tel wpcf7-text wpcf7-validates-as-tel\" aria-invalid=\"false\" value=\"\" type=\"tel\" name=\"tel-611\" \/><\/span> <\/label>\n<\/p>\n<p><label> Sujet\/motif de consultation<br \/>\n<span class=\"wpcf7-form-control-wrap\" data-name=\"your-subject\"><input size=\"40\" maxlength=\"400\" class=\"wpcf7-form-control wpcf7-text\" aria-invalid=\"false\" value=\"\" type=\"text\" name=\"your-subject\" \/><\/span> <\/label>\n<\/p>\n<p><label> Veuillez pr\u00e9ciser votre demande, avec les \u00e9l\u00e9ments qui vous semblent importants :<br \/>\n<span class=\"wpcf7-form-control-wrap\" data-name=\"your-message\"><textarea cols=\"40\" rows=\"10\" maxlength=\"2000\" class=\"wpcf7-form-control wpcf7-textarea\" aria-invalid=\"false\" name=\"your-message\"><\/textarea><\/span> <\/label>\n<\/p>\n<p><input class=\"wpcf7-form-control wpcf7-submit has-spinner\" type=\"submit\" value=\"Envoyer\" \/>\n<\/p><div class=\"wpcf7-response-output\" aria-hidden=\"true\"><\/div>\n<\/form>\n<\/div>\n\n","protected":false},"excerpt":{"rendered":"<p>Prise de contact N&rsquo;h\u00e9sitez pas \u00e0 prendre contact pour une demande de th\u00e9rapie individuelle (temps de soutien et d&rsquo;\u00e9coute, espace tourn\u00e9 vers le changement afin d&rsquo;am\u00e9liorer et de soulager les souffrances psychiques), une demande de th\u00e9rapie de couple, de th\u00e9rapie<\/p>\n","protected":false},"author":3,"featured_media":0,"parent":0,"menu_order":0,"comment_status":"closed","ping_status":"closed","template":"","meta":{"footnotes":""},"class_list":["post-276","page","type-page","status-publish","hentry"],"yoast_head":"<!-- This site is optimized with the Yoast SEO plugin v20.4 - https:\/\/yoast.com\/wordpress\/plugins\/seo\/ -->\n<title>Prise de contact - Isabelle Deschamps - Pierre Leclef - Ana\u00efs Descat - Pauline Fontaine<\/title>\n<meta name=\"robots\" content=\"index, follow, max-snippet:-1, max-image-preview:large, max-video-preview:-1\" \/>\n<link rel=\"canonical\" href=\"https:\/\/neuropsychologue-nevers.fr\/index.php\/prise-de-contact-isabelle-deschamps\/\" \/>\n<meta property=\"og:locale\" content=\"fr_FR\" \/>\n<meta property=\"og:type\" content=\"article\" \/>\n<meta property=\"og:title\" content=\"Prise de contact - Isabelle Deschamps - Pierre Leclef - Ana\u00efs Descat - Pauline Fontaine\" \/>\n<meta property=\"og:description\" content=\"Prise de contact N&rsquo;h\u00e9sitez pas \u00e0 prendre contact pour une demande de th\u00e9rapie individuelle (temps de soutien et d&rsquo;\u00e9coute, espace tourn\u00e9 vers le changement afin d&rsquo;am\u00e9liorer et de soulager les souffrances psychiques), une demande de th\u00e9rapie de couple, de th\u00e9rapie\" \/>\n<meta property=\"og:url\" content=\"https:\/\/neuropsychologue-nevers.fr\/index.php\/prise-de-contact-isabelle-deschamps\/\" \/>\n<meta property=\"og:site_name\" content=\"Pierre Leclef - Ana\u00efs Descat - Pauline Fontaine\" \/>\n<meta property=\"article:modified_time\" content=\"2021-01-30T08:48:14+00:00\" \/>\n<meta name=\"twitter:card\" content=\"summary_large_image\" \/>\n<meta name=\"twitter:label1\" content=\"Dur\u00e9e de lecture estim\u00e9e\" \/>\n\t<meta name=\"twitter:data1\" content=\"1 minute\" \/>\n<script type=\"application\/ld+json\" class=\"yoast-schema-graph\">{\"@context\":\"https:\/\/schema.org\",\"@graph\":[{\"@type\":\"WebPage\",\"@id\":\"https:\/\/neuropsychologue-nevers.fr\/index.php\/prise-de-contact-isabelle-deschamps\/\",\"url\":\"https:\/\/neuropsychologue-nevers.fr\/index.php\/prise-de-contact-isabelle-deschamps\/\",\"name\":\"Prise de contact - Isabelle Deschamps - Pierre Leclef - Ana\u00efs Descat - Pauline Fontaine\",\"isPartOf\":{\"@id\":\"https:\/\/neuropsychologue-nevers.fr\/#website\"},\"datePublished\":\"2020-12-20T11:05:01+00:00\",\"dateModified\":\"2021-01-30T08:48:14+00:00\",\"breadcrumb\":{\"@id\":\"https:\/\/neuropsychologue-nevers.fr\/index.php\/prise-de-contact-isabelle-deschamps\/#breadcrumb\"},\"inLanguage\":\"fr-FR\",\"potentialAction\":[{\"@type\":\"ReadAction\",\"target\":[\"https:\/\/neuropsychologue-nevers.fr\/index.php\/prise-de-contact-isabelle-deschamps\/\"]}]},{\"@type\":\"BreadcrumbList\",\"@id\":\"https:\/\/neuropsychologue-nevers.fr\/index.php\/prise-de-contact-isabelle-deschamps\/#breadcrumb\",\"itemListElement\":[{\"@type\":\"ListItem\",\"position\":1,\"name\":\"Accueil\",\"item\":\"https:\/\/neuropsychologue-nevers.fr\/\"},{\"@type\":\"ListItem\",\"position\":2,\"name\":\"Prise de contact &#8211; Isabelle Deschamps\"}]},{\"@type\":\"WebSite\",\"@id\":\"https:\/\/neuropsychologue-nevers.fr\/#website\",\"url\":\"https:\/\/neuropsychologue-nevers.fr\/\",\"name\":\"Pierre Leclef - Ana\u00efs Descat - Pauline Fontaine\",\"description\":\"Cabinet de Neuropsychologie - Nevers\",\"potentialAction\":[{\"@type\":\"SearchAction\",\"target\":{\"@type\":\"EntryPoint\",\"urlTemplate\":\"https:\/\/neuropsychologue-nevers.fr\/?s={search_term_string}\"},\"query-input\":\"required name=search_term_string\"}],\"inLanguage\":\"fr-FR\"}]}<\/script>\n<!-- \/ Yoast SEO plugin. -->","yoast_head_json":{"title":"Prise de contact - Isabelle Deschamps - Pierre Leclef - Ana\u00efs Descat - Pauline Fontaine","robots":{"index":"index","follow":"follow","max-snippet":"max-snippet:-1","max-image-preview":"max-image-preview:large","max-video-preview":"max-video-preview:-1"},"canonical":"https:\/\/neuropsychologue-nevers.fr\/index.php\/prise-de-contact-isabelle-deschamps\/","og_locale":"fr_FR","og_type":"article","og_title":"Prise de contact - Isabelle Deschamps - Pierre Leclef - Ana\u00efs Descat - Pauline Fontaine","og_description":"Prise de contact N&rsquo;h\u00e9sitez pas \u00e0 prendre contact pour une demande de th\u00e9rapie individuelle (temps de soutien et d&rsquo;\u00e9coute, espace tourn\u00e9 vers le changement afin d&rsquo;am\u00e9liorer et de soulager les souffrances psychiques), une demande de th\u00e9rapie de couple, de th\u00e9rapie","og_url":"https:\/\/neuropsychologue-nevers.fr\/index.php\/prise-de-contact-isabelle-deschamps\/","og_site_name":"Pierre Leclef - Ana\u00efs Descat - Pauline Fontaine","article_modified_time":"2021-01-30T08:48:14+00:00","twitter_card":"summary_large_image","twitter_misc":{"Dur\u00e9e de lecture estim\u00e9e":"1 minute"},"schema":{"@context":"https:\/\/schema.org","@graph":[{"@type":"WebPage","@id":"https:\/\/neuropsychologue-nevers.fr\/index.php\/prise-de-contact-isabelle-deschamps\/","url":"https:\/\/neuropsychologue-nevers.fr\/index.php\/prise-de-contact-isabelle-deschamps\/","name":"Prise de contact - Isabelle Deschamps - Pierre Leclef - Ana\u00efs Descat - Pauline Fontaine","isPartOf":{"@id":"https:\/\/neuropsychologue-nevers.fr\/#website"},"datePublished":"2020-12-20T11:05:01+00:00","dateModified":"2021-01-30T08:48:14+00:00","breadcrumb":{"@id":"https:\/\/neuropsychologue-nevers.fr\/index.php\/prise-de-contact-isabelle-deschamps\/#breadcrumb"},"inLanguage":"fr-FR","potentialAction":[{"@type":"ReadAction","target":["https:\/\/neuropsychologue-nevers.fr\/index.php\/prise-de-contact-isabelle-deschamps\/"]}]},{"@type":"BreadcrumbList","@id":"https:\/\/neuropsychologue-nevers.fr\/index.php\/prise-de-contact-isabelle-deschamps\/#breadcrumb","itemListElement":[{"@type":"ListItem","position":1,"name":"Accueil","item":"https:\/\/neuropsychologue-nevers.fr\/"},{"@type":"ListItem","position":2,"name":"Prise de contact &#8211; Isabelle Deschamps"}]},{"@type":"WebSite","@id":"https:\/\/neuropsychologue-nevers.fr\/#website","url":"https:\/\/neuropsychologue-nevers.fr\/","name":"Pierre Leclef - Ana\u00efs Descat - Pauline Fontaine","description":"Cabinet de Neuropsychologie - Nevers","potentialAction":[{"@type":"SearchAction","target":{"@type":"EntryPoint","urlTemplate":"https:\/\/neuropsychologue-nevers.fr\/?s={search_term_string}"},"query-input":"required name=search_term_string"}],"inLanguage":"fr-FR"}]}},"_links":{"self":[{"href":"https:\/\/neuropsychologue-nevers.fr\/index.php\/wp-json\/wp\/v2\/pages\/276","targetHints":{"allow":["GET"]}}],"collection":[{"href":"https:\/\/neuropsychologue-nevers.fr\/index.php\/wp-json\/wp\/v2\/pages"}],"about":[{"href":"https:\/\/neuropsychologue-nevers.fr\/index.php\/wp-json\/wp\/v2\/types\/page"}],"author":[{"embeddable":true,"href":"https:\/\/neuropsychologue-nevers.fr\/index.php\/wp-json\/wp\/v2\/users\/3"}],"replies":[{"embeddable":true,"href":"https:\/\/neuropsychologue-nevers.fr\/index.php\/wp-json\/wp\/v2\/comments?post=276"}],"version-history":[{"count":5,"href":"https:\/\/neuropsychologue-nevers.fr\/index.php\/wp-json\/wp\/v2\/pages\/276\/revisions"}],"predecessor-version":[{"id":380,"href":"https:\/\/neuropsychologue-nevers.fr\/index.php\/wp-json\/wp\/v2\/pages\/276\/revisions\/380"}],"wp:attachment":[{"href":"https:\/\/neuropsychologue-nevers.fr\/index.php\/wp-json\/wp\/v2\/media?parent=276"}],"curies":[{"name":"wp","href":"https:\/\/api.w.org\/{rel}","templated":true}]}}