{"id":29,"date":"2016-09-18T17:35:17","date_gmt":"2016-09-18T16:35:17","guid":{"rendered":"http:\/\/neuropsychologue-nevers.fr\/?page_id=29"},"modified":"2016-10-05T19:10:34","modified_gmt":"2016-10-05T18:10:34","slug":"carte-mentale","status":"publish","type":"page","link":"https:\/\/neuropsychologue-nevers.fr\/index.php\/les-prises-en-charge\/carte-mentale\/","title":{"rendered":"Carte mentale\/Mind Map"},"content":{"rendered":"<h6>Une carte mentale ?<\/h6>\n<p>On peut d\u00e9finir une carte mentale comme un sch\u00e9ma ou un plan d&rsquo;un ensemble d&rsquo;id\u00e9e ou d&rsquo;un d\u00e9roulement de pens\u00e9e. Elle a donc pour but montrer et d&rsquo;organiser ces id\u00e9es ou ces pens\u00e9es.<\/p>\n<p>Cette organisation des id\u00e9es passe par l&#8217;emploi d&rsquo;images, de lieux sur la carte, et surtout de l&rsquo;imagination. Le cr\u00e9ateur de la carte, en m\u00eame temps qu&rsquo;il organise les informations, cr\u00e9e de nouveaux et riches souvenirs.<\/p>\n<h6>Carte mentale et neuropsychologie<\/h6>\n<p>Dans le cadre des troubles des apprentissages et du d\u00e9veloppement, les difficult\u00e9s de m\u00e9moire et de concentration emp\u00eachent souvent d&rsquo;apprendre facilement les le\u00e7ons scolaires. Elles\u00a0sont en effet fr\u00e9quentes dans la dyslexie, le TDAH, mais \u00e9galement dans l&rsquo;autisme, par exemple. Elles peuvent refl\u00e9ter des probl\u00e8mes en <a href=\"https:\/\/neuropsychologue-nevers.fr\/index.php\/troubles-cognitifs\/memoire-de-travail\/\">m\u00e9moire de travail<\/a>, au niveau des capacit\u00e9s d&rsquo;attention ou encore des fonctions ex\u00e9cutives. Les <strong>cartes mentales<\/strong> permettent de compenser partiellement ces probl\u00e9matiques.<\/p>\n<p>En effet, le travail d&rsquo;une carte mentale avec le neuropsychologue va permettre de d\u00e9velopper de nouveaux moyens d&rsquo;apprendre. L&rsquo;objectif est d&rsquo;utiliser\u00a0les points forts de l&rsquo;enfant pour minimiser les difficult\u00e9s de concentration ou de m\u00e9moire.<\/p>\n<p>La carte mentale peut \u00eatre utilis\u00e9e pour aider \u00e0 mener des r\u00e9flexions, mieux pr\u00e9parer une le\u00e7on, r\u00e9fl\u00e9chir autour du quotidien,&#8230; Elle permet d&rsquo;enrichir la compr\u00e9hension en lecture par un meilleur approfondissement et un feed-back plus \u00e9lev\u00e9. Lorsqu&rsquo;une le\u00e7on est apprise \u00e0 l&rsquo;aide de cartes mentales, elle est plus facilement et plus rapidement r\u00e9cup\u00e9rable.<\/p>\n","protected":false},"excerpt":{"rendered":"<p>Une carte mentale ? On peut d\u00e9finir une carte mentale comme un sch\u00e9ma ou un plan d&rsquo;un ensemble d&rsquo;id\u00e9e ou d&rsquo;un d\u00e9roulement de pens\u00e9e. Elle a donc pour but montrer et d&rsquo;organiser ces id\u00e9es ou ces pens\u00e9es. Cette organisation des<\/p>\n","protected":false},"author":3,"featured_media":0,"parent":23,"menu_order":0,"comment_status":"closed","ping_status":"closed","template":"","meta":{"footnotes":""},"class_list":["post-29","page","type-page","status-publish","hentry"],"yoast_head":"<!-- This site is optimized with the Yoast SEO plugin v20.4 - https:\/\/yoast.com\/wordpress\/plugins\/seo\/ -->\n<title>Carte mentale : mieux utiliser sa m\u00e9moire, mieux se souvenir<\/title>\n<meta name=\"description\" content=\"carte mentale et neuropsychologie : mieux utiliser sa m\u00e9moire, mieux apprendre, mieux se souvenir. Organiser son travail. Guider une r\u00e9flexion.\" \/>\n<meta name=\"robots\" content=\"index, follow, max-snippet:-1, max-image-preview:large, max-video-preview:-1\" \/>\n<link rel=\"canonical\" href=\"https:\/\/neuropsychologue-nevers.fr\/index.php\/les-prises-en-charge\/carte-mentale\/\" \/>\n<meta property=\"og:locale\" content=\"fr_FR\" \/>\n<meta property=\"og:type\" content=\"article\" \/>\n<meta property=\"og:title\" content=\"Carte mentale : mieux utiliser sa m\u00e9moire, mieux se souvenir\" \/>\n<meta property=\"og:description\" content=\"carte mentale et neuropsychologie : mieux utiliser sa m\u00e9moire, mieux apprendre, mieux se souvenir. Organiser son travail. Guider une r\u00e9flexion.\" \/>\n<meta property=\"og:url\" content=\"https:\/\/neuropsychologue-nevers.fr\/index.php\/les-prises-en-charge\/carte-mentale\/\" \/>\n<meta property=\"og:site_name\" content=\"Pierre Leclef - Ana\u00efs Descat - Pauline Fontaine\" \/>\n<meta property=\"article:modified_time\" content=\"2016-10-05T18:10:34+00:00\" \/>\n<meta name=\"twitter:card\" content=\"summary_large_image\" \/>\n<meta name=\"twitter:label1\" content=\"Dur\u00e9e de lecture estim\u00e9e\" \/>\n\t<meta name=\"twitter:data1\" content=\"1 minute\" \/>\n<script type=\"application\/ld+json\" class=\"yoast-schema-graph\">{\"@context\":\"https:\/\/schema.org\",\"@graph\":[{\"@type\":\"WebPage\",\"@id\":\"https:\/\/neuropsychologue-nevers.fr\/index.php\/les-prises-en-charge\/carte-mentale\/\",\"url\":\"https:\/\/neuropsychologue-nevers.fr\/index.php\/les-prises-en-charge\/carte-mentale\/\",\"name\":\"Carte mentale : mieux utiliser sa m\u00e9moire, mieux se souvenir\",\"isPartOf\":{\"@id\":\"https:\/\/neuropsychologue-nevers.fr\/#website\"},\"datePublished\":\"2016-09-18T16:35:17+00:00\",\"dateModified\":\"2016-10-05T18:10:34+00:00\",\"description\":\"carte mentale et neuropsychologie : mieux utiliser sa m\u00e9moire, mieux apprendre, mieux se souvenir. Organiser son travail. Guider une r\u00e9flexion.\",\"breadcrumb\":{\"@id\":\"https:\/\/neuropsychologue-nevers.fr\/index.php\/les-prises-en-charge\/carte-mentale\/#breadcrumb\"},\"inLanguage\":\"fr-FR\",\"potentialAction\":[{\"@type\":\"ReadAction\",\"target\":[\"https:\/\/neuropsychologue-nevers.fr\/index.php\/les-prises-en-charge\/carte-mentale\/\"]}]},{\"@type\":\"BreadcrumbList\",\"@id\":\"https:\/\/neuropsychologue-nevers.fr\/index.php\/les-prises-en-charge\/carte-mentale\/#breadcrumb\",\"itemListElement\":[{\"@type\":\"ListItem\",\"position\":1,\"name\":\"Accueil\",\"item\":\"https:\/\/neuropsychologue-nevers.fr\/\"},{\"@type\":\"ListItem\",\"position\":2,\"name\":\"Les accompagnements\",\"item\":\"https:\/\/neuropsychologue-nevers.fr\/index.php\/les-prises-en-charge\/\"},{\"@type\":\"ListItem\",\"position\":3,\"name\":\"Carte mentale\/Mind Map\"}]},{\"@type\":\"WebSite\",\"@id\":\"https:\/\/neuropsychologue-nevers.fr\/#website\",\"url\":\"https:\/\/neuropsychologue-nevers.fr\/\",\"name\":\"Pierre Leclef - Ana\u00efs Descat - Pauline Fontaine\",\"description\":\"Cabinet de Neuropsychologie - Nevers\",\"potentialAction\":[{\"@type\":\"SearchAction\",\"target\":{\"@type\":\"EntryPoint\",\"urlTemplate\":\"https:\/\/neuropsychologue-nevers.fr\/?s={search_term_string}\"},\"query-input\":\"required name=search_term_string\"}],\"inLanguage\":\"fr-FR\"}]}<\/script>\n<!-- \/ Yoast SEO plugin. -->","yoast_head_json":{"title":"Carte mentale : mieux utiliser sa m\u00e9moire, mieux se souvenir","description":"carte mentale et neuropsychologie : mieux utiliser sa m\u00e9moire, mieux apprendre, mieux se souvenir. Organiser son travail. Guider une r\u00e9flexion.","robots":{"index":"index","follow":"follow","max-snippet":"max-snippet:-1","max-image-preview":"max-image-preview:large","max-video-preview":"max-video-preview:-1"},"canonical":"https:\/\/neuropsychologue-nevers.fr\/index.php\/les-prises-en-charge\/carte-mentale\/","og_locale":"fr_FR","og_type":"article","og_title":"Carte mentale : mieux utiliser sa m\u00e9moire, mieux se souvenir","og_description":"carte mentale et neuropsychologie : mieux utiliser sa m\u00e9moire, mieux apprendre, mieux se souvenir. Organiser son travail. Guider une r\u00e9flexion.","og_url":"https:\/\/neuropsychologue-nevers.fr\/index.php\/les-prises-en-charge\/carte-mentale\/","og_site_name":"Pierre Leclef - Ana\u00efs Descat - Pauline Fontaine","article_modified_time":"2016-10-05T18:10:34+00:00","twitter_card":"summary_large_image","twitter_misc":{"Dur\u00e9e de lecture estim\u00e9e":"1 minute"},"schema":{"@context":"https:\/\/schema.org","@graph":[{"@type":"WebPage","@id":"https:\/\/neuropsychologue-nevers.fr\/index.php\/les-prises-en-charge\/carte-mentale\/","url":"https:\/\/neuropsychologue-nevers.fr\/index.php\/les-prises-en-charge\/carte-mentale\/","name":"Carte mentale : mieux utiliser sa m\u00e9moire, mieux se souvenir","isPartOf":{"@id":"https:\/\/neuropsychologue-nevers.fr\/#website"},"datePublished":"2016-09-18T16:35:17+00:00","dateModified":"2016-10-05T18:10:34+00:00","description":"carte mentale et neuropsychologie : mieux utiliser sa m\u00e9moire, mieux apprendre, mieux se souvenir. Organiser son travail. Guider une r\u00e9flexion.","breadcrumb":{"@id":"https:\/\/neuropsychologue-nevers.fr\/index.php\/les-prises-en-charge\/carte-mentale\/#breadcrumb"},"inLanguage":"fr-FR","potentialAction":[{"@type":"ReadAction","target":["https:\/\/neuropsychologue-nevers.fr\/index.php\/les-prises-en-charge\/carte-mentale\/"]}]},{"@type":"BreadcrumbList","@id":"https:\/\/neuropsychologue-nevers.fr\/index.php\/les-prises-en-charge\/carte-mentale\/#breadcrumb","itemListElement":[{"@type":"ListItem","position":1,"name":"Accueil","item":"https:\/\/neuropsychologue-nevers.fr\/"},{"@type":"ListItem","position":2,"name":"Les accompagnements","item":"https:\/\/neuropsychologue-nevers.fr\/index.php\/les-prises-en-charge\/"},{"@type":"ListItem","position":3,"name":"Carte mentale\/Mind Map"}]},{"@type":"WebSite","@id":"https:\/\/neuropsychologue-nevers.fr\/#website","url":"https:\/\/neuropsychologue-nevers.fr\/","name":"Pierre Leclef - Ana\u00efs Descat - Pauline Fontaine","description":"Cabinet de Neuropsychologie - Nevers","potentialAction":[{"@type":"SearchAction","target":{"@type":"EntryPoint","urlTemplate":"https:\/\/neuropsychologue-nevers.fr\/?s={search_term_string}"},"query-input":"required name=search_term_string"}],"inLanguage":"fr-FR"}]}},"_links":{"self":[{"href":"https:\/\/neuropsychologue-nevers.fr\/index.php\/wp-json\/wp\/v2\/pages\/29","targetHints":{"allow":["GET"]}}],"collection":[{"href":"https:\/\/neuropsychologue-nevers.fr\/index.php\/wp-json\/wp\/v2\/pages"}],"about":[{"href":"https:\/\/neuropsychologue-nevers.fr\/index.php\/wp-json\/wp\/v2\/types\/page"}],"author":[{"embeddable":true,"href":"https:\/\/neuropsychologue-nevers.fr\/index.php\/wp-json\/wp\/v2\/users\/3"}],"replies":[{"embeddable":true,"href":"https:\/\/neuropsychologue-nevers.fr\/index.php\/wp-json\/wp\/v2\/comments?post=29"}],"version-history":[{"count":4,"href":"https:\/\/neuropsychologue-nevers.fr\/index.php\/wp-json\/wp\/v2\/pages\/29\/revisions"}],"predecessor-version":[{"id":48,"href":"https:\/\/neuropsychologue-nevers.fr\/index.php\/wp-json\/wp\/v2\/pages\/29\/revisions\/48"}],"up":[{"embeddable":true,"href":"https:\/\/neuropsychologue-nevers.fr\/index.php\/wp-json\/wp\/v2\/pages\/23"}],"wp:attachment":[{"href":"https:\/\/neuropsychologue-nevers.fr\/index.php\/wp-json\/wp\/v2\/media?parent=29"}],"curies":[{"name":"wp","href":"https:\/\/api.w.org\/{rel}","templated":true}]}}