{"id":296,"date":"2021-01-09T13:18:26","date_gmt":"2021-01-09T12:18:26","guid":{"rendered":"http:\/\/neuropsychologue-nevers.fr\/?page_id=296"},"modified":"2021-01-09T15:05:10","modified_gmt":"2021-01-09T14:05:10","slug":"laide-de-la-mdph","status":"publish","type":"page","link":"https:\/\/neuropsychologue-nevers.fr\/index.php\/ressources\/laide-de-la-mdph\/","title":{"rendered":"L&rsquo;aide de la MDPH"},"content":{"rendered":"\r\n<h4>La Maison D\u00e9partementale pour les Personnes Handicap\u00e9es<\/h4>\r\n<p>La MDPH est compos\u00e9e d&rsquo;une \u00e9quipe de professionnels qui accompagnent les personnes handicap\u00e9es et leur famille dans leurs d\u00e9marches et formule des propositions adapt\u00e9es \u00e0 leurs besoins. Vous pouvez retrouver <a href=\"https:\/\/nievre.fr\/a-tous-les-ages\/le-handicap\/la-maison-departementale-des-personnes-handicapees-mdph\/\">ici la page de la MDPH, sur le site du Conseil D\u00e9partemental<\/a>. Cette page contient des informations \u00e0 jour et les coordonn\u00e9es de contact. Elle contient aussi le document unique \u00e0 t\u00e9l\u00e9charger pour constituer un dossier aupr\u00e8s de la MDPH.<\/p>\r\n\r\n\r\n\r\n<p>La CNSA (Caisse Nationale de Solidarit\u00e9 pour l&rsquo;Autonomie) a \u00e9dit\u00e9 un ensemble de fiches bien faites, simples et accessibles \u00e0 tous. Ces fiches sont r\u00e9dig\u00e9es en Facile \u00e0 Lire et \u00e0 Ecrire (FALC). Ces fiches regroupent plusieurs th\u00e8mes qui correspondent au parcours des personnes pour le dossier MDPH : faire un dossier, faire un recours, comprendre les termes techniques, s&rsquo;y retrouver dans les diverses aides et structures,&#8230; Ces fiches sont class\u00e9es en plusieurs grands th\u00e8mes. Elles sont t\u00e9l\u00e9chargeables ci-dessous, class\u00e9es par th\u00e8me.<\/p>\r\n\r\n\r\n\r\n<h4>D\u00e9marches<\/h4>\r\n<p><a href=\"https:\/\/neuropsychologue-nevers.fr\/wp-content\/uploads\/2021\/01\/cnsa_17-11_fiches-facilealire_mdph_tout-savoir.pdf\">Tout savoir sur la MDPH<\/a><\/p>\r\n<p><a href=\"https:\/\/neuropsychologue-nevers.fr\/wp-content\/uploads\/2021\/01\/cnsa_19-05_fiches-facilealire_droits_vie.pdf\">Maintenant les personnes handicap\u00e9es peuvent avoir certaines aides pour toute la vie ou pour plus longtemps qu&rsquo;avant<\/a><\/p>\r\n<p><a href=\"https:\/\/neuropsychologue-nevers.fr\/wp-content\/uploads\/2021\/01\/cnsa_17-11_fiches-facilealire_mdph_comment-faire-demande.pdf\">Comment faire une demande \u00e0 la MDPH ?<\/a><\/p>\r\n<p><a href=\"https:\/\/neuropsychologue-nevers.fr\/wp-content\/uploads\/2021\/01\/cnsa_17-11_fiches-facilealire_mdph_etude-demande.pdf\">Comment la MDPH \u00e9tudie-t-elle votre demande ?<\/a><\/p>\r\n<p><a href=\"https:\/\/neuropsychologue-nevers.fr\/wp-content\/uploads\/2021\/01\/cnsa_17-11_fiches-facilealire_mdph_courrier-notification.pdf\">Comment comprendre le courrier de notification de la MDPH ?<\/a><\/p>\r\n<h4>Les aides financi\u00e8res<\/h4>\r\n<p><a href=\"https:\/\/neuropsychologue-nevers.fr\/wp-content\/uploads\/2021\/01\/cnsa_20-07_fiches-facilealire_majoration_vie_autonome.pdf\">La majoration pour la vie autonome<\/a><\/p>\r\n<p><a href=\"https:\/\/neuropsychologue-nevers.fr\/wp-content\/uploads\/2021\/01\/cnsa_fiche_facile_a_lire_aide_pch.pdf\">La PCH &#8211; Prestation compensatoire du handicap<\/a><\/p>\r\n<p><a href=\"https:\/\/neuropsychologue-nevers.fr\/wp-content\/uploads\/2021\/01\/cnsa_fiche_facilealire_8-aeeh-vf.pdf\">l&rsquo;AEEH &#8211; Allocation \u00e9ducation enfant handicap\u00e9<\/a><\/p>\r\n<p><a href=\"https:\/\/neuropsychologue-nevers.fr\/wp-content\/uploads\/2021\/01\/Fiche_CNSA_AAH.pdf\">L&rsquo;AAH &#8211; Allocation Adulte handicap\u00e9<\/a><\/p>\r\n<p><a href=\"https:\/\/neuropsychologue-nevers.fr\/wp-content\/uploads\/2021\/01\/cnsa_fiche_facilealire_9-complress-vf.pdf\">Le compl\u00e9ment de Ressources<\/a><\/p>\r\n<h4>La scolarisation<\/h4>\r\n<p><a href=\"https:\/\/neuropsychologue-nevers.fr\/wp-content\/uploads\/2021\/01\/cnsa_17-10_fiches-facilealire_scolarisation_aide-ecole.pdf\">Quelles aides votre enfant peut-il avoir pour aller \u00e0 l&rsquo;\u00e9cole ?<\/a><\/p>\r\n<p><a href=\"https:\/\/neuropsychologue-nevers.fr\/wp-content\/uploads\/2021\/01\/cnsa_17-10_fiches-facilealire_scolarisation_classe_ordinaire.pdf\">Votre enfant va dans une classe ordinaire<\/a><\/p>\r\n<p><a href=\"https:\/\/neuropsychologue-nevers.fr\/wp-content\/uploads\/2021\/01\/cnsa_17-10_fiches-facilealire_scolarisation_classe_ordinaire_aide_profes.pdf\">Votre enfant va dans une classe ordinaire et il est aid\u00e9 par un professeur sp\u00e9cialis\u00e9 pour les enfants avec handicap<\/a><\/p>\r\n<p><a href=\"https:\/\/neuropsychologue-nevers.fr\/wp-content\/uploads\/2021\/01\/cnsa_17-10_fiches-facilealire_scolarisation_ecole_ordinaire_etablissemen._.pdf\">Votre enfant va \u00e0 la fois dans une \u00e9cole ordinaire et dans un \u00e9tablissement pour les enfants avec handicap<\/a><\/p>\r\n<p><a href=\"https:\/\/neuropsychologue-nevers.fr\/wp-content\/uploads\/2021\/01\/cnsa_17-10_fiches-facilealire_scolarisation_etablissement_enfants_handic._.pdf\">Votre enfant va dans un \u00e9tablissement pour les enfants avec handicap<\/a><\/p>\r\n<p><a href=\"https:\/\/neuropsychologue-nevers.fr\/wp-content\/uploads\/2021\/01\/cnsa_17-10_fiches-facilealire_scolarisation_etudes-apres-bac.pdf\">Votre enfant fait des \u00e9tudes apr\u00e8s le bac<\/a><\/p>\r\n<h4>L&rsquo;accompagnement<\/h4>\r\n<p><a href=\"https:\/\/neuropsychologue-nevers.fr\/wp-content\/uploads\/2021\/01\/cnsa_18-01_fiches-facilealire_orientation_1_etre_accompagne.pdf\">Etre accompagn\u00e9 par un service pour les personnes handicap\u00e9es<\/a><\/p>\r\n<p><a href=\"https:\/\/neuropsychologue-nevers.fr\/wp-content\/uploads\/2021\/01\/cnsa_18-01_fiches-facilealire_orientation_2_vivre_etablissement.pdf\">Vivre dans un \u00e9tablissement pour les personnes handicap\u00e9es<\/a><\/p>\r\n<p><a href=\"https:\/\/neuropsychologue-nevers.fr\/wp-content\/uploads\/2021\/01\/cnsa_18-01_fiches-facilealire_orientation_3_demande_accompagne.pdf\">Comment demander \u00e0 \u00eatre accompagn\u00e9 par un service ou un \u00e9tablissement pour les personnes handicap\u00e9es<\/a><\/p>\r\n<p><a href=\"https:\/\/neuropsychologue-nevers.fr\/wp-content\/uploads\/2021\/01\/cnsa_18-01_fiches-facilealire_orientation_4_arret_accompagnement.pdf\">Dans quel cas votre accompagnement par un service ou par un \u00e9tablissement pour les personnes handicap\u00e9es peut-il s&rsquo;arr\u00eater ?<\/a><\/p>\r\n<h4>Les voies de recours<\/h4>\r\n<p><a href=\"https:\/\/neuropsychologue-nevers.fr\/wp-content\/uploads\/2021\/01\/cnsa_19-04_fiches-facilealire_voies-recours_mdph-demande-refusee.pdf\">Votre demande d&rsquo;aide \u00e0 la MDPH a \u00e9t\u00e9 refus\u00e9e : comment dire que vous n&rsquo;\u00eates pas d&rsquo;accord ?<\/a><\/p>\r\n<p><a href=\"https:\/\/neuropsychologue-nevers.fr\/wp-content\/uploads\/2021\/01\/cnsa_19-04_fiches-facilealire_voies-recours_mdph-recours_mdph.pdf\">Comment se passe un recours aupr\u00e8s de la MDPH ?<\/a><\/p>\r\n<p><a href=\"https:\/\/neuropsychologue-nevers.fr\/wp-content\/uploads\/2021\/01\/cnsa_19-04_fiches-facilealire_voies-recours_mdph-conciliation.pdf\">Comment se passe une conciliation ?<\/a><\/p>\r\n<p><a href=\"https:\/\/neuropsychologue-nevers.fr\/wp-content\/uploads\/2021\/01\/cnsa_19-04_fiches-facilealire_voies-recours_mdph-recours_tribunal.pdf\">Comment se passe un recours aupr\u00e8s du tribunal ?<\/a><\/p>\r\n<h4>Le monde professionnel<\/h4>\r\n<p><a href=\"https:\/\/neuropsychologue-nevers.fr\/wp-content\/uploads\/2021\/01\/cnsa_19-10_fiches-facilealire_emploi_accompagne.pdf\">L&#8217;emploi accompagn\u00e9<\/a><\/p>\r\n<p><a href=\"https:\/\/neuropsychologue-nevers.fr\/wp-content\/uploads\/2021\/01\/cnsa_fiche_facilealire_handicape_milieuordinaireouprotege.pdf\">Vous \u00eates handicap\u00e9 : vous pouvez travailler en milieu ordinaire ou en milieu prot\u00e9g\u00e9<\/a><\/p>\r\n<p><a href=\"https:\/\/neuropsychologue-nevers.fr\/wp-content\/uploads\/2021\/01\/cnsa_fiche_facilealire_enmilieuordinaire_adaptervotretravail.pdf\">Vous travaillez en milieu ordinaire : qui peut vous aider pour adapter votre travail \u00e0 votre handicap ?<\/a><\/p>\r\n<p><a href=\"https:\/\/neuropsychologue-nevers.fr\/wp-content\/uploads\/2021\/01\/cnsa_fiche_facilealire_enmilieuprotege_adaptervotretravail.pdf\">Vous travaillez en milieu prot\u00e9g\u00e9 : qui peut vous aider pour adapter votre travail \u00e0 votre handicap ?<\/a><\/p>\r\n<p><a href=\"https:\/\/neuropsychologue-nevers.fr\/wp-content\/uploads\/2021\/01\/mode_accessibilite_cnsa_fiches-facilealire_travail_esat_2020-06-12_16-52-58_202.pdf\">La mise en situation professionnelle en ESAT<\/a><\/p>\r\n<p><a href=\"https:\/\/neuropsychologue-nevers.fr\/wp-content\/uploads\/2021\/01\/cnsa_fiche_facilealire_rqth.pdf\">La RQTH<\/a><\/p>\r\n<p>&nbsp;<\/p>\r\n<p>&nbsp;<\/p>\r\n<p>&nbsp;<\/p>\r\n","protected":false},"excerpt":{"rendered":"<p>La Maison D\u00e9partementale pour les Personnes Handicap\u00e9es La MDPH est compos\u00e9e d&rsquo;une \u00e9quipe de professionnels qui accompagnent les personnes handicap\u00e9es et leur famille dans leurs d\u00e9marches et formule des propositions adapt\u00e9es \u00e0 leurs besoins. Vous pouvez retrouver ici la page<\/p>\n","protected":false},"author":3,"featured_media":0,"parent":290,"menu_order":0,"comment_status":"closed","ping_status":"closed","template":"","meta":{"footnotes":""},"class_list":["post-296","page","type-page","status-publish","hentry"],"yoast_head":"<!-- This site is optimized with the Yoast SEO plugin v20.4 - https:\/\/yoast.com\/wordpress\/plugins\/seo\/ -->\n<title>L&#039;aide de la MDPH - Pierre Leclef - Ana\u00efs Descat - Pauline Fontaine<\/title>\n<meta name=\"description\" content=\"D\u00e9couvrez tous les guides MDPH en &quot;facile \u00e0 lire et \u00e0 comprendre&quot; : scolarisation, aides financi\u00e8res, travail, services et \u00e9tablissements,...\" \/>\n<meta name=\"robots\" content=\"index, follow, max-snippet:-1, max-image-preview:large, max-video-preview:-1\" \/>\n<link rel=\"canonical\" href=\"https:\/\/neuropsychologue-nevers.fr\/index.php\/ressources\/laide-de-la-mdph\/\" \/>\n<meta property=\"og:locale\" content=\"fr_FR\" \/>\n<meta property=\"og:type\" content=\"article\" \/>\n<meta property=\"og:title\" content=\"L&#039;aide de la MDPH - Pierre Leclef - Ana\u00efs Descat - Pauline Fontaine\" \/>\n<meta property=\"og:description\" content=\"D\u00e9couvrez tous les guides MDPH en &quot;facile \u00e0 lire et \u00e0 comprendre&quot; : scolarisation, aides financi\u00e8res, travail, services et \u00e9tablissements,...\" \/>\n<meta property=\"og:url\" content=\"https:\/\/neuropsychologue-nevers.fr\/index.php\/ressources\/laide-de-la-mdph\/\" \/>\n<meta property=\"og:site_name\" content=\"Pierre Leclef - Ana\u00efs Descat - Pauline Fontaine\" \/>\n<meta property=\"article:modified_time\" content=\"2021-01-09T14:05:10+00:00\" \/>\n<meta name=\"twitter:card\" content=\"summary_large_image\" \/>\n<meta name=\"twitter:label1\" content=\"Dur\u00e9e de lecture estim\u00e9e\" \/>\n\t<meta name=\"twitter:data1\" content=\"2 minutes\" \/>\n<script type=\"application\/ld+json\" class=\"yoast-schema-graph\">{\"@context\":\"https:\/\/schema.org\",\"@graph\":[{\"@type\":\"WebPage\",\"@id\":\"https:\/\/neuropsychologue-nevers.fr\/index.php\/ressources\/laide-de-la-mdph\/\",\"url\":\"https:\/\/neuropsychologue-nevers.fr\/index.php\/ressources\/laide-de-la-mdph\/\",\"name\":\"L'aide de la MDPH - Pierre Leclef - Ana\u00efs Descat - Pauline Fontaine\",\"isPartOf\":{\"@id\":\"https:\/\/neuropsychologue-nevers.fr\/#website\"},\"datePublished\":\"2021-01-09T12:18:26+00:00\",\"dateModified\":\"2021-01-09T14:05:10+00:00\",\"description\":\"D\u00e9couvrez tous les guides MDPH en \\\"facile \u00e0 lire et \u00e0 comprendre\\\" : scolarisation, aides financi\u00e8res, travail, services et \u00e9tablissements,...\",\"breadcrumb\":{\"@id\":\"https:\/\/neuropsychologue-nevers.fr\/index.php\/ressources\/laide-de-la-mdph\/#breadcrumb\"},\"inLanguage\":\"fr-FR\",\"potentialAction\":[{\"@type\":\"ReadAction\",\"target\":[\"https:\/\/neuropsychologue-nevers.fr\/index.php\/ressources\/laide-de-la-mdph\/\"]}]},{\"@type\":\"BreadcrumbList\",\"@id\":\"https:\/\/neuropsychologue-nevers.fr\/index.php\/ressources\/laide-de-la-mdph\/#breadcrumb\",\"itemListElement\":[{\"@type\":\"ListItem\",\"position\":1,\"name\":\"Accueil\",\"item\":\"https:\/\/neuropsychologue-nevers.fr\/\"},{\"@type\":\"ListItem\",\"position\":2,\"name\":\"Ressources\",\"item\":\"https:\/\/neuropsychologue-nevers.fr\/index.php\/ressources\/\"},{\"@type\":\"ListItem\",\"position\":3,\"name\":\"L&rsquo;aide de la MDPH\"}]},{\"@type\":\"WebSite\",\"@id\":\"https:\/\/neuropsychologue-nevers.fr\/#website\",\"url\":\"https:\/\/neuropsychologue-nevers.fr\/\",\"name\":\"Pierre Leclef - Ana\u00efs Descat - Pauline Fontaine\",\"description\":\"Cabinet de Neuropsychologie - Nevers\",\"potentialAction\":[{\"@type\":\"SearchAction\",\"target\":{\"@type\":\"EntryPoint\",\"urlTemplate\":\"https:\/\/neuropsychologue-nevers.fr\/?s={search_term_string}\"},\"query-input\":\"required name=search_term_string\"}],\"inLanguage\":\"fr-FR\"}]}<\/script>\n<!-- \/ Yoast SEO plugin. -->","yoast_head_json":{"title":"L'aide de la MDPH - Pierre Leclef - Ana\u00efs Descat - Pauline Fontaine","description":"D\u00e9couvrez tous les guides MDPH en \"facile \u00e0 lire et \u00e0 comprendre\" : scolarisation, aides financi\u00e8res, travail, services et \u00e9tablissements,...","robots":{"index":"index","follow":"follow","max-snippet":"max-snippet:-1","max-image-preview":"max-image-preview:large","max-video-preview":"max-video-preview:-1"},"canonical":"https:\/\/neuropsychologue-nevers.fr\/index.php\/ressources\/laide-de-la-mdph\/","og_locale":"fr_FR","og_type":"article","og_title":"L'aide de la MDPH - Pierre Leclef - Ana\u00efs Descat - Pauline Fontaine","og_description":"D\u00e9couvrez tous les guides MDPH en \"facile \u00e0 lire et \u00e0 comprendre\" : scolarisation, aides financi\u00e8res, travail, services et \u00e9tablissements,...","og_url":"https:\/\/neuropsychologue-nevers.fr\/index.php\/ressources\/laide-de-la-mdph\/","og_site_name":"Pierre Leclef - Ana\u00efs Descat - Pauline Fontaine","article_modified_time":"2021-01-09T14:05:10+00:00","twitter_card":"summary_large_image","twitter_misc":{"Dur\u00e9e de lecture estim\u00e9e":"2 minutes"},"schema":{"@context":"https:\/\/schema.org","@graph":[{"@type":"WebPage","@id":"https:\/\/neuropsychologue-nevers.fr\/index.php\/ressources\/laide-de-la-mdph\/","url":"https:\/\/neuropsychologue-nevers.fr\/index.php\/ressources\/laide-de-la-mdph\/","name":"L'aide de la MDPH - Pierre Leclef - Ana\u00efs Descat - Pauline Fontaine","isPartOf":{"@id":"https:\/\/neuropsychologue-nevers.fr\/#website"},"datePublished":"2021-01-09T12:18:26+00:00","dateModified":"2021-01-09T14:05:10+00:00","description":"D\u00e9couvrez tous les guides MDPH en \"facile \u00e0 lire et \u00e0 comprendre\" : scolarisation, aides financi\u00e8res, travail, services et \u00e9tablissements,...","breadcrumb":{"@id":"https:\/\/neuropsychologue-nevers.fr\/index.php\/ressources\/laide-de-la-mdph\/#breadcrumb"},"inLanguage":"fr-FR","potentialAction":[{"@type":"ReadAction","target":["https:\/\/neuropsychologue-nevers.fr\/index.php\/ressources\/laide-de-la-mdph\/"]}]},{"@type":"BreadcrumbList","@id":"https:\/\/neuropsychologue-nevers.fr\/index.php\/ressources\/laide-de-la-mdph\/#breadcrumb","itemListElement":[{"@type":"ListItem","position":1,"name":"Accueil","item":"https:\/\/neuropsychologue-nevers.fr\/"},{"@type":"ListItem","position":2,"name":"Ressources","item":"https:\/\/neuropsychologue-nevers.fr\/index.php\/ressources\/"},{"@type":"ListItem","position":3,"name":"L&rsquo;aide de la MDPH"}]},{"@type":"WebSite","@id":"https:\/\/neuropsychologue-nevers.fr\/#website","url":"https:\/\/neuropsychologue-nevers.fr\/","name":"Pierre Leclef - Ana\u00efs Descat - Pauline Fontaine","description":"Cabinet de Neuropsychologie - Nevers","potentialAction":[{"@type":"SearchAction","target":{"@type":"EntryPoint","urlTemplate":"https:\/\/neuropsychologue-nevers.fr\/?s={search_term_string}"},"query-input":"required name=search_term_string"}],"inLanguage":"fr-FR"}]}},"_links":{"self":[{"href":"https:\/\/neuropsychologue-nevers.fr\/index.php\/wp-json\/wp\/v2\/pages\/296","targetHints":{"allow":["GET"]}}],"collection":[{"href":"https:\/\/neuropsychologue-nevers.fr\/index.php\/wp-json\/wp\/v2\/pages"}],"about":[{"href":"https:\/\/neuropsychologue-nevers.fr\/index.php\/wp-json\/wp\/v2\/types\/page"}],"author":[{"embeddable":true,"href":"https:\/\/neuropsychologue-nevers.fr\/index.php\/wp-json\/wp\/v2\/users\/3"}],"replies":[{"embeddable":true,"href":"https:\/\/neuropsychologue-nevers.fr\/index.php\/wp-json\/wp\/v2\/comments?post=296"}],"version-history":[{"count":18,"href":"https:\/\/neuropsychologue-nevers.fr\/index.php\/wp-json\/wp\/v2\/pages\/296\/revisions"}],"predecessor-version":[{"id":350,"href":"https:\/\/neuropsychologue-nevers.fr\/index.php\/wp-json\/wp\/v2\/pages\/296\/revisions\/350"}],"up":[{"embeddable":true,"href":"https:\/\/neuropsychologue-nevers.fr\/index.php\/wp-json\/wp\/v2\/pages\/290"}],"wp:attachment":[{"href":"https:\/\/neuropsychologue-nevers.fr\/index.php\/wp-json\/wp\/v2\/media?parent=296"}],"curies":[{"name":"wp","href":"https:\/\/api.w.org\/{rel}","templated":true}]}}