{"id":362,"date":"2021-01-26T21:11:51","date_gmt":"2021-01-26T20:11:51","guid":{"rendered":"http:\/\/neuropsychologue-nevers.fr\/?page_id=362"},"modified":"2021-01-27T10:21:54","modified_gmt":"2021-01-27T09:21:54","slug":"matthieu-gaulon","status":"publish","type":"page","link":"https:\/\/neuropsychologue-nevers.fr\/index.php\/matthieu-gaulon\/","title":{"rendered":"Matthieu Gaulon"},"content":{"rendered":"<h3>Matthieu Gaulon &#8211; Psychologue<\/h3>\n<p>Psychologue en lib\u00e9ral \u00e0 Nevers.<\/p>\n<p>Enfants, adolescents, adultes, supervision.<\/p>\n<p>Dipl\u00f4m\u00e9 d&rsquo;\u00e9tat de l&rsquo;\u00e9cole des Psychologues praticiens en 2006, j&rsquo;exerce la psychologie depuis 15 ans.<\/p>\n<p>Parall\u00e8lement \u00e0 mon activit\u00e9 lib\u00e9rale, je travaille \u00e9galement en institution, ou je r\u00e9alise depuis 10 ans des psychoth\u00e9rapies d&rsquo;enfant et adolescent.<\/p>\n<p>J&rsquo;ai \u00e9galement travaill\u00e9 pendant 13 ans au sein d\u2019un dispositif qui accueille temporairement des coll\u00e9giens en d\u00e9crochage scolaire, ce qui m\u2019a donn\u00e9 une solide exp\u00e9rience de l\u2019adolescence.<\/p>\n<p>Prestations propos\u00e9es\u00a0:<\/p>\n<ul>\n<li>S\u00e9ances individuelles de psychoth\u00e9rapie pour enfants, adolescents, adultes<\/li>\n<li>S\u00e9ances de supervision professionnelle : il s\u2019agit d\u2019accompagner les professionnels du soin ou autre \u00e0 mieux vivre et \u00e0 s\u2019am\u00e9liorer dans l\u2019espace professionnel, apporter un \u00e9clairage sur des situations sp\u00e9cifiques<\/li>\n<li>R\u00e9alisation de bilans psychologiques complets (\u00e9valuation intellectuelle et psycho-affective), qui apportent un \u00e9clairage sur le fonctionnement psychique et relationnel.<\/li>\n<\/ul>\n<h3>Prise de contact<\/h3>\n\n<div class=\"wpcf7 no-js\" id=\"wpcf7-f373-o1\" lang=\"fr-FR\" dir=\"ltr\" data-wpcf7-id=\"373\">\n<div class=\"screen-reader-response\"><p role=\"status\" aria-live=\"polite\" aria-atomic=\"true\"><\/p> <ul><\/ul><\/div>\n<form action=\"\/index.php\/wp-json\/wp\/v2\/pages\/362#wpcf7-f373-o1\" method=\"post\" class=\"wpcf7-form init\" aria-label=\"Formulaire de contact\" novalidate=\"novalidate\" data-status=\"init\">\n<fieldset class=\"hidden-fields-container\"><input type=\"hidden\" name=\"_wpcf7\" value=\"373\" \/><input type=\"hidden\" name=\"_wpcf7_version\" value=\"6.1.5\" \/><input type=\"hidden\" name=\"_wpcf7_locale\" value=\"fr_FR\" \/><input type=\"hidden\" name=\"_wpcf7_unit_tag\" value=\"wpcf7-f373-o1\" \/><input type=\"hidden\" name=\"_wpcf7_container_post\" value=\"0\" \/><input type=\"hidden\" name=\"_wpcf7_posted_data_hash\" value=\"\" \/>\n<\/fieldset>\n<p><label> Votre nom & pr\u00e9nom (obligatoire)<br \/>\n<span class=\"wpcf7-form-control-wrap\" data-name=\"your-name\"><input size=\"40\" maxlength=\"400\" class=\"wpcf7-form-control wpcf7-text wpcf7-validates-as-required\" aria-required=\"true\" aria-invalid=\"false\" value=\"\" type=\"text\" name=\"your-name\" \/><\/span> <\/label>\n<\/p>\n<p><label> Le nom & pr\u00e9nom de votre enfant si vous consultez pour lui :<br \/>\n<span class=\"wpcf7-form-control-wrap\" data-name=\"enfant-name\"><input size=\"40\" maxlength=\"400\" class=\"wpcf7-form-control wpcf7-text\" aria-invalid=\"false\" value=\"\" type=\"text\" name=\"enfant-name\" \/><\/span> <\/label>\n<\/p>\n<p><label> Votre e-mail (obligatoire)<br \/>\n<span class=\"wpcf7-form-control-wrap\" data-name=\"your-email\"><input size=\"40\" maxlength=\"400\" class=\"wpcf7-form-control wpcf7-email wpcf7-validates-as-required wpcf7-text wpcf7-validates-as-email\" aria-required=\"true\" aria-invalid=\"false\" value=\"\" type=\"email\" name=\"your-email\" \/><\/span> <\/label>\n<\/p>\n<p><label> Votre num\u00e9ro (obligatoire)<br \/>\n<span class=\"wpcf7-form-control-wrap\" data-name=\"tel-611\"><input size=\"40\" maxlength=\"400\" class=\"wpcf7-form-control wpcf7-tel wpcf7-text wpcf7-validates-as-tel\" aria-invalid=\"false\" value=\"\" type=\"tel\" name=\"tel-611\" \/><\/span> <\/label>\n<\/p>\n<p><label> Sujet\/motif de consultation<br \/>\n<span class=\"wpcf7-form-control-wrap\" data-name=\"your-subject\"><input size=\"40\" maxlength=\"400\" class=\"wpcf7-form-control wpcf7-text\" aria-invalid=\"false\" value=\"\" type=\"text\" name=\"your-subject\" \/><\/span> <\/label>\n<\/p>\n<p><label> Veuillez pr\u00e9ciser votre demande, avec les \u00e9l\u00e9ments qui vous semblent importants :<br \/>\n<span class=\"wpcf7-form-control-wrap\" data-name=\"your-message\"><textarea cols=\"40\" rows=\"10\" maxlength=\"2000\" class=\"wpcf7-form-control wpcf7-textarea\" aria-invalid=\"false\" name=\"your-message\"><\/textarea><\/span> <\/label>\n<\/p>\n<p><input class=\"wpcf7-form-control wpcf7-submit has-spinner\" type=\"submit\" value=\"Envoyer\" \/>\n<\/p><div class=\"wpcf7-response-output\" aria-hidden=\"true\"><\/div>\n<\/form>\n<\/div>\n\n<p>&nbsp;<\/p>\n","protected":false},"excerpt":{"rendered":"<p>Matthieu Gaulon &#8211; Psychologue Psychologue en lib\u00e9ral \u00e0 Nevers. Enfants, adolescents, adultes, supervision. Dipl\u00f4m\u00e9 d&rsquo;\u00e9tat de l&rsquo;\u00e9cole des Psychologues praticiens en 2006, j&rsquo;exerce la psychologie depuis 15 ans. Parall\u00e8lement \u00e0 mon activit\u00e9 lib\u00e9rale, je travaille \u00e9galement en institution, ou je<\/p>\n","protected":false},"author":3,"featured_media":0,"parent":0,"menu_order":0,"comment_status":"closed","ping_status":"closed","template":"","meta":{"footnotes":""},"class_list":["post-362","page","type-page","status-publish","hentry"],"yoast_head":"<!-- This site is optimized with the Yoast SEO plugin v20.4 - https:\/\/yoast.com\/wordpress\/plugins\/seo\/ -->\n<title>Matthieu Gaulon - Pierre Leclef - Ana\u00efs Descat - Pauline Fontaine<\/title>\n<meta name=\"description\" content=\"Dipl\u00f4m\u00e9 d&#039;\u00e9tat de l&#039;\u00e9cole des Psychologues praticiens en 2006, j&#039;exerce la psychologie depuis 15 ans.\" \/>\n<meta name=\"robots\" content=\"index, follow, max-snippet:-1, max-image-preview:large, max-video-preview:-1\" \/>\n<link rel=\"canonical\" href=\"https:\/\/neuropsychologue-nevers.fr\/index.php\/matthieu-gaulon\/\" \/>\n<meta property=\"og:locale\" content=\"fr_FR\" \/>\n<meta property=\"og:type\" content=\"article\" \/>\n<meta property=\"og:title\" content=\"Matthieu Gaulon - Pierre Leclef - Ana\u00efs Descat - Pauline Fontaine\" \/>\n<meta property=\"og:description\" content=\"Dipl\u00f4m\u00e9 d&#039;\u00e9tat de l&#039;\u00e9cole des Psychologues praticiens en 2006, j&#039;exerce la psychologie depuis 15 ans.\" \/>\n<meta property=\"og:url\" content=\"https:\/\/neuropsychologue-nevers.fr\/index.php\/matthieu-gaulon\/\" \/>\n<meta property=\"og:site_name\" content=\"Pierre Leclef - Ana\u00efs Descat - Pauline Fontaine\" \/>\n<meta property=\"article:modified_time\" content=\"2021-01-27T09:21:54+00:00\" \/>\n<meta name=\"twitter:card\" content=\"summary_large_image\" \/>\n<meta name=\"twitter:label1\" content=\"Dur\u00e9e de lecture estim\u00e9e\" \/>\n\t<meta name=\"twitter:data1\" content=\"1 minute\" \/>\n<script type=\"application\/ld+json\" class=\"yoast-schema-graph\">{\"@context\":\"https:\/\/schema.org\",\"@graph\":[{\"@type\":\"WebPage\",\"@id\":\"https:\/\/neuropsychologue-nevers.fr\/index.php\/matthieu-gaulon\/\",\"url\":\"https:\/\/neuropsychologue-nevers.fr\/index.php\/matthieu-gaulon\/\",\"name\":\"Matthieu Gaulon - Pierre Leclef - Ana\u00efs Descat - Pauline Fontaine\",\"isPartOf\":{\"@id\":\"https:\/\/neuropsychologue-nevers.fr\/#website\"},\"datePublished\":\"2021-01-26T20:11:51+00:00\",\"dateModified\":\"2021-01-27T09:21:54+00:00\",\"description\":\"Dipl\u00f4m\u00e9 d'\u00e9tat de l'\u00e9cole des Psychologues praticiens en 2006, j'exerce la psychologie depuis 15 ans.\",\"breadcrumb\":{\"@id\":\"https:\/\/neuropsychologue-nevers.fr\/index.php\/matthieu-gaulon\/#breadcrumb\"},\"inLanguage\":\"fr-FR\",\"potentialAction\":[{\"@type\":\"ReadAction\",\"target\":[\"https:\/\/neuropsychologue-nevers.fr\/index.php\/matthieu-gaulon\/\"]}]},{\"@type\":\"BreadcrumbList\",\"@id\":\"https:\/\/neuropsychologue-nevers.fr\/index.php\/matthieu-gaulon\/#breadcrumb\",\"itemListElement\":[{\"@type\":\"ListItem\",\"position\":1,\"name\":\"Accueil\",\"item\":\"https:\/\/neuropsychologue-nevers.fr\/\"},{\"@type\":\"ListItem\",\"position\":2,\"name\":\"Matthieu Gaulon\"}]},{\"@type\":\"WebSite\",\"@id\":\"https:\/\/neuropsychologue-nevers.fr\/#website\",\"url\":\"https:\/\/neuropsychologue-nevers.fr\/\",\"name\":\"Pierre Leclef - Ana\u00efs Descat - Pauline Fontaine\",\"description\":\"Cabinet de Neuropsychologie - Nevers\",\"potentialAction\":[{\"@type\":\"SearchAction\",\"target\":{\"@type\":\"EntryPoint\",\"urlTemplate\":\"https:\/\/neuropsychologue-nevers.fr\/?s={search_term_string}\"},\"query-input\":\"required name=search_term_string\"}],\"inLanguage\":\"fr-FR\"}]}<\/script>\n<!-- \/ Yoast SEO plugin. -->","yoast_head_json":{"title":"Matthieu Gaulon - Pierre Leclef - Ana\u00efs Descat - Pauline Fontaine","description":"Dipl\u00f4m\u00e9 d'\u00e9tat de l'\u00e9cole des Psychologues praticiens en 2006, j'exerce la psychologie depuis 15 ans.","robots":{"index":"index","follow":"follow","max-snippet":"max-snippet:-1","max-image-preview":"max-image-preview:large","max-video-preview":"max-video-preview:-1"},"canonical":"https:\/\/neuropsychologue-nevers.fr\/index.php\/matthieu-gaulon\/","og_locale":"fr_FR","og_type":"article","og_title":"Matthieu Gaulon - Pierre Leclef - Ana\u00efs Descat - Pauline Fontaine","og_description":"Dipl\u00f4m\u00e9 d'\u00e9tat de l'\u00e9cole des Psychologues praticiens en 2006, j'exerce la psychologie depuis 15 ans.","og_url":"https:\/\/neuropsychologue-nevers.fr\/index.php\/matthieu-gaulon\/","og_site_name":"Pierre Leclef - Ana\u00efs Descat - Pauline Fontaine","article_modified_time":"2021-01-27T09:21:54+00:00","twitter_card":"summary_large_image","twitter_misc":{"Dur\u00e9e de lecture estim\u00e9e":"1 minute"},"schema":{"@context":"https:\/\/schema.org","@graph":[{"@type":"WebPage","@id":"https:\/\/neuropsychologue-nevers.fr\/index.php\/matthieu-gaulon\/","url":"https:\/\/neuropsychologue-nevers.fr\/index.php\/matthieu-gaulon\/","name":"Matthieu Gaulon - Pierre Leclef - Ana\u00efs Descat - Pauline Fontaine","isPartOf":{"@id":"https:\/\/neuropsychologue-nevers.fr\/#website"},"datePublished":"2021-01-26T20:11:51+00:00","dateModified":"2021-01-27T09:21:54+00:00","description":"Dipl\u00f4m\u00e9 d'\u00e9tat de l'\u00e9cole des Psychologues praticiens en 2006, j'exerce la psychologie depuis 15 ans.","breadcrumb":{"@id":"https:\/\/neuropsychologue-nevers.fr\/index.php\/matthieu-gaulon\/#breadcrumb"},"inLanguage":"fr-FR","potentialAction":[{"@type":"ReadAction","target":["https:\/\/neuropsychologue-nevers.fr\/index.php\/matthieu-gaulon\/"]}]},{"@type":"BreadcrumbList","@id":"https:\/\/neuropsychologue-nevers.fr\/index.php\/matthieu-gaulon\/#breadcrumb","itemListElement":[{"@type":"ListItem","position":1,"name":"Accueil","item":"https:\/\/neuropsychologue-nevers.fr\/"},{"@type":"ListItem","position":2,"name":"Matthieu Gaulon"}]},{"@type":"WebSite","@id":"https:\/\/neuropsychologue-nevers.fr\/#website","url":"https:\/\/neuropsychologue-nevers.fr\/","name":"Pierre Leclef - Ana\u00efs Descat - Pauline Fontaine","description":"Cabinet de Neuropsychologie - Nevers","potentialAction":[{"@type":"SearchAction","target":{"@type":"EntryPoint","urlTemplate":"https:\/\/neuropsychologue-nevers.fr\/?s={search_term_string}"},"query-input":"required name=search_term_string"}],"inLanguage":"fr-FR"}]}},"_links":{"self":[{"href":"https:\/\/neuropsychologue-nevers.fr\/index.php\/wp-json\/wp\/v2\/pages\/362","targetHints":{"allow":["GET"]}}],"collection":[{"href":"https:\/\/neuropsychologue-nevers.fr\/index.php\/wp-json\/wp\/v2\/pages"}],"about":[{"href":"https:\/\/neuropsychologue-nevers.fr\/index.php\/wp-json\/wp\/v2\/types\/page"}],"author":[{"embeddable":true,"href":"https:\/\/neuropsychologue-nevers.fr\/index.php\/wp-json\/wp\/v2\/users\/3"}],"replies":[{"embeddable":true,"href":"https:\/\/neuropsychologue-nevers.fr\/index.php\/wp-json\/wp\/v2\/comments?post=362"}],"version-history":[{"count":4,"href":"https:\/\/neuropsychologue-nevers.fr\/index.php\/wp-json\/wp\/v2\/pages\/362\/revisions"}],"predecessor-version":[{"id":378,"href":"https:\/\/neuropsychologue-nevers.fr\/index.php\/wp-json\/wp\/v2\/pages\/362\/revisions\/378"}],"wp:attachment":[{"href":"https:\/\/neuropsychologue-nevers.fr\/index.php\/wp-json\/wp\/v2\/media?parent=362"}],"curies":[{"name":"wp","href":"https:\/\/api.w.org\/{rel}","templated":true}]}}