{"id":443,"date":"2023-10-29T12:37:25","date_gmt":"2023-10-29T11:37:25","guid":{"rendered":"https:\/\/neuropsychologue-nevers.fr\/?page_id=443"},"modified":"2023-10-29T12:37:25","modified_gmt":"2023-10-29T11:37:25","slug":"comment-remplir-un-dossier-mdph","status":"publish","type":"page","link":"https:\/\/neuropsychologue-nevers.fr\/index.php\/comment-remplir-un-dossier-mdph\/","title":{"rendered":"Comment remplir un dossier MDPH ?"},"content":{"rendered":"<p>Vous avez besoin de constituer un dossier MDPH pour les difficult\u00e9s que rencontre votre enfant ? Voici quelques points importants \u00e0 avoir en t\u00eate :<\/p>\n<ul>\n<li>Rassemblez tous les documents m\u00e9dicaux et param\u00e9dicaux r\u00e9cents qui d\u00e9crivent le trouble de votre enfant ou qui le suivent : orthophoniste, psychologue, ergoth\u00e9rapeute, etc.<\/li>\n<li>Remplissez le formulaire de demande en d\u00e9taillant pr\u00e9cis\u00e9ment les besoins et difficult\u00e9s de votre enfant au quotidien. Vous pouvez vous faire aider, y compris par <a href=\"https:\/\/www.aide-sociale.fr\/contacter-assistante-sociale\/\">l&rsquo;assistante sociale de secteur<\/a>, l\u00e0 ou vous habitez.<\/li>\n<li>Le GEVA-Sco, un guide d&rsquo;\u00e9valuation, qui permet d&rsquo;\u00e9valuer\u00a0 les besoins scolaires de votre enfant, sera rempli par l&rsquo;\u00e9quipe p\u00e9dagogique. N&rsquo;h\u00e9sitez pas \u00e0 enrichir ce document en discutant avec les enseignants.<\/li>\n<li>N&rsquo;h\u00e9sitez pas \u00e0 inclure des t\u00e9moignages d&rsquo;enseignants ou d&rsquo;autres personnes proches.<\/li>\n<li>Prenez le temps de bien d\u00e9crire l&rsquo;impact du trouble sur la vie quotidienne de l&rsquo;enfant : alimentation, sommeil, socialisation, apprentissages. Il est absolument n\u00e9cessaire que la MDPH puisse percevoir la r\u00e9alit\u00e9 de votre quotidien et celle de votre enfant.<\/li>\n<li>Soyez clair et pr\u00e9cis, en \u00e9vitant les termes trop techniques ; parlez \u00ab\u00a0avec votre coeur\u00a0\u00bb, de votre quotidien.<\/li>\n<li>Vous pouvez faire relire votre dossier par une personne de confiance avant de l&rsquo;envoyer.<\/li>\n<li>Conservez une copie de l&rsquo;ensemble du dossier.<\/li>\n<li>N&rsquo;oubliez pas de renouveler votre demande si n\u00e9cessaire, car les besoins de votre enfant peuvent \u00e9voluer. Il n&rsquo;est pas toujours adapt\u00e9 d&rsquo;attendre la fin des notifications.<\/li>\n<\/ul>\n<p>Le plus important est de bien mettre en avant les besoins sp\u00e9cifiques de votre enfant pour obtenir les aides adapt\u00e9es. C&rsquo;est tr\u00e8s important de parler du quotidien et de ce qui peut poser probl\u00e8me, par rapport \u00e0 l&rsquo;autonomie qu&rsquo;on peut avoir \u00e0 l&rsquo;\u00e2ge de votre enfant.<\/p>\n","protected":false},"excerpt":{"rendered":"<p>Vous avez besoin de constituer un dossier MDPH pour les difficult\u00e9s que rencontre votre enfant ? Voici quelques points importants \u00e0 avoir en t\u00eate : Rassemblez tous les documents m\u00e9dicaux et param\u00e9dicaux r\u00e9cents qui d\u00e9crivent le trouble de votre enfant<\/p>\n","protected":false},"author":3,"featured_media":0,"parent":0,"menu_order":0,"comment_status":"closed","ping_status":"closed","template":"","meta":{"footnotes":""},"class_list":["post-443","page","type-page","status-publish","hentry"],"yoast_head":"<!-- This site is optimized with the Yoast SEO plugin v20.4 - https:\/\/yoast.com\/wordpress\/plugins\/seo\/ -->\n<title>Comment remplir un dossier MDPH ? - Pierre Leclef - Ana\u00efs Descat - Pauline Fontaine<\/title>\n<meta name=\"robots\" content=\"index, follow, max-snippet:-1, max-image-preview:large, max-video-preview:-1\" \/>\n<link rel=\"canonical\" href=\"https:\/\/neuropsychologue-nevers.fr\/index.php\/comment-remplir-un-dossier-mdph\/\" \/>\n<meta property=\"og:locale\" content=\"fr_FR\" \/>\n<meta property=\"og:type\" content=\"article\" \/>\n<meta property=\"og:title\" content=\"Comment remplir un dossier MDPH ? - Pierre Leclef - Ana\u00efs Descat - Pauline Fontaine\" \/>\n<meta property=\"og:description\" content=\"Vous avez besoin de constituer un dossier MDPH pour les difficult\u00e9s que rencontre votre enfant ? Voici quelques points importants \u00e0 avoir en t\u00eate : Rassemblez tous les documents m\u00e9dicaux et param\u00e9dicaux r\u00e9cents qui d\u00e9crivent le trouble de votre enfant\" \/>\n<meta property=\"og:url\" content=\"https:\/\/neuropsychologue-nevers.fr\/index.php\/comment-remplir-un-dossier-mdph\/\" \/>\n<meta property=\"og:site_name\" content=\"Pierre Leclef - Ana\u00efs Descat - Pauline Fontaine\" \/>\n<meta name=\"twitter:card\" content=\"summary_large_image\" \/>\n<meta name=\"twitter:label1\" content=\"Dur\u00e9e de lecture estim\u00e9e\" \/>\n\t<meta name=\"twitter:data1\" content=\"2 minutes\" \/>\n<script type=\"application\/ld+json\" class=\"yoast-schema-graph\">{\"@context\":\"https:\/\/schema.org\",\"@graph\":[{\"@type\":\"WebPage\",\"@id\":\"https:\/\/neuropsychologue-nevers.fr\/index.php\/comment-remplir-un-dossier-mdph\/\",\"url\":\"https:\/\/neuropsychologue-nevers.fr\/index.php\/comment-remplir-un-dossier-mdph\/\",\"name\":\"Comment remplir un dossier MDPH ? - Pierre Leclef - Ana\u00efs Descat - Pauline Fontaine\",\"isPartOf\":{\"@id\":\"https:\/\/neuropsychologue-nevers.fr\/#website\"},\"datePublished\":\"2023-10-29T11:37:25+00:00\",\"dateModified\":\"2023-10-29T11:37:25+00:00\",\"breadcrumb\":{\"@id\":\"https:\/\/neuropsychologue-nevers.fr\/index.php\/comment-remplir-un-dossier-mdph\/#breadcrumb\"},\"inLanguage\":\"fr-FR\",\"potentialAction\":[{\"@type\":\"ReadAction\",\"target\":[\"https:\/\/neuropsychologue-nevers.fr\/index.php\/comment-remplir-un-dossier-mdph\/\"]}]},{\"@type\":\"BreadcrumbList\",\"@id\":\"https:\/\/neuropsychologue-nevers.fr\/index.php\/comment-remplir-un-dossier-mdph\/#breadcrumb\",\"itemListElement\":[{\"@type\":\"ListItem\",\"position\":1,\"name\":\"Accueil\",\"item\":\"https:\/\/neuropsychologue-nevers.fr\/\"},{\"@type\":\"ListItem\",\"position\":2,\"name\":\"Comment remplir un dossier MDPH ?\"}]},{\"@type\":\"WebSite\",\"@id\":\"https:\/\/neuropsychologue-nevers.fr\/#website\",\"url\":\"https:\/\/neuropsychologue-nevers.fr\/\",\"name\":\"Pierre Leclef - Ana\u00efs Descat - Pauline Fontaine\",\"description\":\"Cabinet de Neuropsychologie - Nevers\",\"potentialAction\":[{\"@type\":\"SearchAction\",\"target\":{\"@type\":\"EntryPoint\",\"urlTemplate\":\"https:\/\/neuropsychologue-nevers.fr\/?s={search_term_string}\"},\"query-input\":\"required name=search_term_string\"}],\"inLanguage\":\"fr-FR\"}]}<\/script>\n<!-- \/ Yoast SEO plugin. -->","yoast_head_json":{"title":"Comment remplir un dossier MDPH ? - Pierre Leclef - Ana\u00efs Descat - Pauline Fontaine","robots":{"index":"index","follow":"follow","max-snippet":"max-snippet:-1","max-image-preview":"max-image-preview:large","max-video-preview":"max-video-preview:-1"},"canonical":"https:\/\/neuropsychologue-nevers.fr\/index.php\/comment-remplir-un-dossier-mdph\/","og_locale":"fr_FR","og_type":"article","og_title":"Comment remplir un dossier MDPH ? - Pierre Leclef - Ana\u00efs Descat - Pauline Fontaine","og_description":"Vous avez besoin de constituer un dossier MDPH pour les difficult\u00e9s que rencontre votre enfant ? Voici quelques points importants \u00e0 avoir en t\u00eate : Rassemblez tous les documents m\u00e9dicaux et param\u00e9dicaux r\u00e9cents qui d\u00e9crivent le trouble de votre enfant","og_url":"https:\/\/neuropsychologue-nevers.fr\/index.php\/comment-remplir-un-dossier-mdph\/","og_site_name":"Pierre Leclef - Ana\u00efs Descat - Pauline Fontaine","twitter_card":"summary_large_image","twitter_misc":{"Dur\u00e9e de lecture estim\u00e9e":"2 minutes"},"schema":{"@context":"https:\/\/schema.org","@graph":[{"@type":"WebPage","@id":"https:\/\/neuropsychologue-nevers.fr\/index.php\/comment-remplir-un-dossier-mdph\/","url":"https:\/\/neuropsychologue-nevers.fr\/index.php\/comment-remplir-un-dossier-mdph\/","name":"Comment remplir un dossier MDPH ? - Pierre Leclef - Ana\u00efs Descat - Pauline Fontaine","isPartOf":{"@id":"https:\/\/neuropsychologue-nevers.fr\/#website"},"datePublished":"2023-10-29T11:37:25+00:00","dateModified":"2023-10-29T11:37:25+00:00","breadcrumb":{"@id":"https:\/\/neuropsychologue-nevers.fr\/index.php\/comment-remplir-un-dossier-mdph\/#breadcrumb"},"inLanguage":"fr-FR","potentialAction":[{"@type":"ReadAction","target":["https:\/\/neuropsychologue-nevers.fr\/index.php\/comment-remplir-un-dossier-mdph\/"]}]},{"@type":"BreadcrumbList","@id":"https:\/\/neuropsychologue-nevers.fr\/index.php\/comment-remplir-un-dossier-mdph\/#breadcrumb","itemListElement":[{"@type":"ListItem","position":1,"name":"Accueil","item":"https:\/\/neuropsychologue-nevers.fr\/"},{"@type":"ListItem","position":2,"name":"Comment remplir un dossier MDPH ?"}]},{"@type":"WebSite","@id":"https:\/\/neuropsychologue-nevers.fr\/#website","url":"https:\/\/neuropsychologue-nevers.fr\/","name":"Pierre Leclef - Ana\u00efs Descat - Pauline Fontaine","description":"Cabinet de Neuropsychologie - Nevers","potentialAction":[{"@type":"SearchAction","target":{"@type":"EntryPoint","urlTemplate":"https:\/\/neuropsychologue-nevers.fr\/?s={search_term_string}"},"query-input":"required name=search_term_string"}],"inLanguage":"fr-FR"}]}},"_links":{"self":[{"href":"https:\/\/neuropsychologue-nevers.fr\/index.php\/wp-json\/wp\/v2\/pages\/443","targetHints":{"allow":["GET"]}}],"collection":[{"href":"https:\/\/neuropsychologue-nevers.fr\/index.php\/wp-json\/wp\/v2\/pages"}],"about":[{"href":"https:\/\/neuropsychologue-nevers.fr\/index.php\/wp-json\/wp\/v2\/types\/page"}],"author":[{"embeddable":true,"href":"https:\/\/neuropsychologue-nevers.fr\/index.php\/wp-json\/wp\/v2\/users\/3"}],"replies":[{"embeddable":true,"href":"https:\/\/neuropsychologue-nevers.fr\/index.php\/wp-json\/wp\/v2\/comments?post=443"}],"version-history":[{"count":1,"href":"https:\/\/neuropsychologue-nevers.fr\/index.php\/wp-json\/wp\/v2\/pages\/443\/revisions"}],"predecessor-version":[{"id":445,"href":"https:\/\/neuropsychologue-nevers.fr\/index.php\/wp-json\/wp\/v2\/pages\/443\/revisions\/445"}],"wp:attachment":[{"href":"https:\/\/neuropsychologue-nevers.fr\/index.php\/wp-json\/wp\/v2\/media?parent=443"}],"curies":[{"name":"wp","href":"https:\/\/api.w.org\/{rel}","templated":true}]}}