{"id":62,"date":"2016-10-11T10:40:39","date_gmt":"2016-10-11T09:40:39","guid":{"rendered":"http:\/\/neuropsychologue-nevers.fr\/?page_id=62"},"modified":"2025-06-04T11:53:20","modified_gmt":"2025-06-04T10:53:20","slug":"services-tarifs","status":"publish","type":"page","link":"https:\/\/neuropsychologue-nevers.fr\/index.php\/services-tarifs\/","title":{"rendered":"Consultations &#038; Tarifs"},"content":{"rendered":"<h5>Tarifs des consultations en neuropsychologie au 1er Septembre 2020 :<\/h5>\n<ul>\n<li>Bilan psychologique\/intellectuel Enfant (QI) : 300 euros.<\/li>\n<li>Bilan psychologique\/intellectuel Adulte (QI) : 300 euros<\/li>\n<li>Bilan neuropsychologique : 480 euros.<\/li>\n<li>S\u00e9ance d&rsquo;accompagnement\u00a0 : 60 euros<\/li>\n<li>Consultation initiale : 70 euros<\/li>\n<\/ul>\n<h5>Tarifs des consultations en psychologie (Isabelle Deschamps) :<\/h5>\n<ul>\n<li>S\u00e9ance de th\u00e9rapie (45 minutes) : 50 euros<\/li>\n<li>Th\u00e9rapie familiale ou de couple (60 minutes) : 70 euros<\/li>\n<li>Bilan psycho &#8211; affectif (Entretien clinique + tests projectifs) : 250 euros<\/li>\n<li>Bilan psychologique complet (Entretien clinique, \u00e9valuation intellectuelle, test projectif) : 380 euros<\/li>\n<\/ul>\n<h5>Tarifs des consultations en psychologie (Matthieu Gaulon) :<\/h5>\n<ul>\n<li>S\u00e9ance de th\u00e9rapie (45 minutes) : 50 euros<\/li>\n<li>Supervision professionnelle (45 minutes) : 50 euros<\/li>\n<li>Bilan psycho &#8211; affectif (Entretien clinique + tests projectifs) : 250 euros<\/li>\n<li>Bilan psychologique complet (Entretien clinique, \u00e9valuation intellectuelle, test projectif) : 380 euros<\/li>\n<\/ul>\n<h5><span style=\"color: #ff0000;\">A lire attentivement :<\/span><\/h5>\n<p>N&rsquo;h\u00e9sitez pas \u00e0 <strong>vous rapprocher de votre mutuelle<\/strong>. En effet, selon les organismes et les formules choisies, il existe souvent des possibilit\u00e9s de prise en charge, notamment sous forme de forfait par ann\u00e9e. Selon les cas, les <strong>caisses de protections sociales<\/strong> de certaines professions peuvent contribuer au financement des consultations.<\/p>\n<p>Au niveau de la CPAM, des <strong>prestations extra-l\u00e9gales<\/strong> pour certains soins peuvent \u00eatre obtenues, selon conditions de ressources. N&rsquo;h\u00e9sitez donc pas \u00e0 vous rapprocher de la CPAM de votre d\u00e9partement.<\/p>\n<p>Enfin, si <strong>votre enfant b\u00e9n\u00e9ficie d\u00e9j\u00e0 d&rsquo;une reconnaissance de handicap<\/strong> par la <a href=\"http:\/\/www.nievre.fr\/services-au-public\/maison-departementale-des-personnes-handicapees\/maison-departementale-des-personnes-handicapees-de-la-nievre-mdph.html\">Maison D\u00e9partementale des personnes Handicap\u00e9es de la Ni\u00e8vre<\/a>, vous pouvez soumettre une demande de financement, dans le cadre du plan de compensation qui a \u00e9t\u00e9 notifi\u00e9.<\/p>\n<p>Un devis peut vous \u00eatre communiqu\u00e9 afin de faciliter les d\u00e9marches aupr\u00e8s de ces diff\u00e9rents organismes.<\/p>\n","protected":false},"excerpt":{"rendered":"<p>Tarifs des consultations en neuropsychologie au 1er Septembre 2020 : Bilan psychologique\/intellectuel Enfant (QI) : 300 euros. Bilan psychologique\/intellectuel Adulte (QI) : 300 euros Bilan neuropsychologique : 480 euros. S\u00e9ance d&rsquo;accompagnement\u00a0 : 60 euros Consultation initiale : 70 euros Tarifs<\/p>\n","protected":false},"author":3,"featured_media":0,"parent":0,"menu_order":0,"comment_status":"closed","ping_status":"closed","template":"","meta":{"footnotes":""},"class_list":["post-62","page","type-page","status-publish","hentry"],"yoast_head":"<!-- This site is optimized with the Yoast SEO plugin v20.4 - https:\/\/yoast.com\/wordpress\/plugins\/seo\/ -->\n<title>Consultations &amp; tarifs<\/title>\n<meta name=\"description\" content=\"Tarifs et modalit\u00e9s des consultations, bilans psychologiques, bilans neuropsychologiques, consultations, prises en charge.\" \/>\n<meta name=\"robots\" content=\"index, follow, max-snippet:-1, max-image-preview:large, max-video-preview:-1\" \/>\n<link rel=\"canonical\" href=\"https:\/\/neuropsychologue-nevers.fr\/index.php\/services-tarifs\/\" \/>\n<meta property=\"og:locale\" content=\"fr_FR\" \/>\n<meta property=\"og:type\" content=\"article\" \/>\n<meta property=\"og:title\" content=\"Consultations &amp; tarifs\" \/>\n<meta property=\"og:description\" content=\"Tarifs et modalit\u00e9s des consultations, bilans psychologiques, bilans neuropsychologiques, consultations, prises en charge.\" \/>\n<meta property=\"og:url\" content=\"https:\/\/neuropsychologue-nevers.fr\/index.php\/services-tarifs\/\" \/>\n<meta property=\"og:site_name\" content=\"Pierre Leclef - Ana\u00efs Descat - Pauline Fontaine\" \/>\n<meta property=\"article:modified_time\" content=\"2025-06-04T10:53:20+00:00\" \/>\n<meta name=\"twitter:card\" content=\"summary_large_image\" \/>\n<meta name=\"twitter:label1\" content=\"Dur\u00e9e de lecture estim\u00e9e\" \/>\n\t<meta name=\"twitter:data1\" content=\"2 minutes\" \/>\n<script type=\"application\/ld+json\" class=\"yoast-schema-graph\">{\"@context\":\"https:\/\/schema.org\",\"@graph\":[{\"@type\":\"WebPage\",\"@id\":\"https:\/\/neuropsychologue-nevers.fr\/index.php\/services-tarifs\/\",\"url\":\"https:\/\/neuropsychologue-nevers.fr\/index.php\/services-tarifs\/\",\"name\":\"Consultations & tarifs\",\"isPartOf\":{\"@id\":\"https:\/\/neuropsychologue-nevers.fr\/#website\"},\"datePublished\":\"2016-10-11T09:40:39+00:00\",\"dateModified\":\"2025-06-04T10:53:20+00:00\",\"description\":\"Tarifs et modalit\u00e9s des consultations, bilans psychologiques, bilans neuropsychologiques, consultations, prises en charge.\",\"breadcrumb\":{\"@id\":\"https:\/\/neuropsychologue-nevers.fr\/index.php\/services-tarifs\/#breadcrumb\"},\"inLanguage\":\"fr-FR\",\"potentialAction\":[{\"@type\":\"ReadAction\",\"target\":[\"https:\/\/neuropsychologue-nevers.fr\/index.php\/services-tarifs\/\"]}]},{\"@type\":\"BreadcrumbList\",\"@id\":\"https:\/\/neuropsychologue-nevers.fr\/index.php\/services-tarifs\/#breadcrumb\",\"itemListElement\":[{\"@type\":\"ListItem\",\"position\":1,\"name\":\"Accueil\",\"item\":\"https:\/\/neuropsychologue-nevers.fr\/\"},{\"@type\":\"ListItem\",\"position\":2,\"name\":\"Consultations &#038; Tarifs\"}]},{\"@type\":\"WebSite\",\"@id\":\"https:\/\/neuropsychologue-nevers.fr\/#website\",\"url\":\"https:\/\/neuropsychologue-nevers.fr\/\",\"name\":\"Pierre Leclef - Ana\u00efs Descat - Pauline Fontaine\",\"description\":\"Cabinet de Neuropsychologie - Nevers\",\"potentialAction\":[{\"@type\":\"SearchAction\",\"target\":{\"@type\":\"EntryPoint\",\"urlTemplate\":\"https:\/\/neuropsychologue-nevers.fr\/?s={search_term_string}\"},\"query-input\":\"required name=search_term_string\"}],\"inLanguage\":\"fr-FR\"}]}<\/script>\n<!-- \/ Yoast SEO plugin. -->","yoast_head_json":{"title":"Consultations & tarifs","description":"Tarifs et modalit\u00e9s des consultations, bilans psychologiques, bilans neuropsychologiques, consultations, prises en charge.","robots":{"index":"index","follow":"follow","max-snippet":"max-snippet:-1","max-image-preview":"max-image-preview:large","max-video-preview":"max-video-preview:-1"},"canonical":"https:\/\/neuropsychologue-nevers.fr\/index.php\/services-tarifs\/","og_locale":"fr_FR","og_type":"article","og_title":"Consultations & tarifs","og_description":"Tarifs et modalit\u00e9s des consultations, bilans psychologiques, bilans neuropsychologiques, consultations, prises en charge.","og_url":"https:\/\/neuropsychologue-nevers.fr\/index.php\/services-tarifs\/","og_site_name":"Pierre Leclef - Ana\u00efs Descat - Pauline Fontaine","article_modified_time":"2025-06-04T10:53:20+00:00","twitter_card":"summary_large_image","twitter_misc":{"Dur\u00e9e de lecture estim\u00e9e":"2 minutes"},"schema":{"@context":"https:\/\/schema.org","@graph":[{"@type":"WebPage","@id":"https:\/\/neuropsychologue-nevers.fr\/index.php\/services-tarifs\/","url":"https:\/\/neuropsychologue-nevers.fr\/index.php\/services-tarifs\/","name":"Consultations & tarifs","isPartOf":{"@id":"https:\/\/neuropsychologue-nevers.fr\/#website"},"datePublished":"2016-10-11T09:40:39+00:00","dateModified":"2025-06-04T10:53:20+00:00","description":"Tarifs et modalit\u00e9s des consultations, bilans psychologiques, bilans neuropsychologiques, consultations, prises en charge.","breadcrumb":{"@id":"https:\/\/neuropsychologue-nevers.fr\/index.php\/services-tarifs\/#breadcrumb"},"inLanguage":"fr-FR","potentialAction":[{"@type":"ReadAction","target":["https:\/\/neuropsychologue-nevers.fr\/index.php\/services-tarifs\/"]}]},{"@type":"BreadcrumbList","@id":"https:\/\/neuropsychologue-nevers.fr\/index.php\/services-tarifs\/#breadcrumb","itemListElement":[{"@type":"ListItem","position":1,"name":"Accueil","item":"https:\/\/neuropsychologue-nevers.fr\/"},{"@type":"ListItem","position":2,"name":"Consultations &#038; Tarifs"}]},{"@type":"WebSite","@id":"https:\/\/neuropsychologue-nevers.fr\/#website","url":"https:\/\/neuropsychologue-nevers.fr\/","name":"Pierre Leclef - Ana\u00efs Descat - Pauline Fontaine","description":"Cabinet de Neuropsychologie - Nevers","potentialAction":[{"@type":"SearchAction","target":{"@type":"EntryPoint","urlTemplate":"https:\/\/neuropsychologue-nevers.fr\/?s={search_term_string}"},"query-input":"required name=search_term_string"}],"inLanguage":"fr-FR"}]}},"_links":{"self":[{"href":"https:\/\/neuropsychologue-nevers.fr\/index.php\/wp-json\/wp\/v2\/pages\/62","targetHints":{"allow":["GET"]}}],"collection":[{"href":"https:\/\/neuropsychologue-nevers.fr\/index.php\/wp-json\/wp\/v2\/pages"}],"about":[{"href":"https:\/\/neuropsychologue-nevers.fr\/index.php\/wp-json\/wp\/v2\/types\/page"}],"author":[{"embeddable":true,"href":"https:\/\/neuropsychologue-nevers.fr\/index.php\/wp-json\/wp\/v2\/users\/3"}],"replies":[{"embeddable":true,"href":"https:\/\/neuropsychologue-nevers.fr\/index.php\/wp-json\/wp\/v2\/comments?post=62"}],"version-history":[{"count":31,"href":"https:\/\/neuropsychologue-nevers.fr\/index.php\/wp-json\/wp\/v2\/pages\/62\/revisions"}],"predecessor-version":[{"id":456,"href":"https:\/\/neuropsychologue-nevers.fr\/index.php\/wp-json\/wp\/v2\/pages\/62\/revisions\/456"}],"wp:attachment":[{"href":"https:\/\/neuropsychologue-nevers.fr\/index.php\/wp-json\/wp\/v2\/media?parent=62"}],"curies":[{"name":"wp","href":"https:\/\/api.w.org\/{rel}","templated":true}]}}