{"id":7,"date":"2016-09-08T18:56:01","date_gmt":"2016-09-08T17:56:01","guid":{"rendered":"http:\/\/neuropsychologue-nevers.fr\/?page_id=7"},"modified":"2025-01-16T14:29:01","modified_gmt":"2025-01-16T13:29:01","slug":"prise-de-contact","status":"publish","type":"page","link":"https:\/\/neuropsychologue-nevers.fr\/index.php\/prise-de-contact\/","title":{"rendered":"Prise de contact"},"content":{"rendered":"<h5>Prise de contact<\/h5>\n<p>N&rsquo;h\u00e9sitez pas \u00e0 prendre contact pour une demande de consultation. Que votre demande un bilan psychologique (intellectuel &#8211; QI) ou un <a href=\"https:\/\/neuropsychologue-nevers.fr\/index.php\/le-bilan-neuropsychologique\/\">bilan neuropsychologique<\/a>, un besoin de prise en charge ou de guidance parentale, vous pouvez remplir le questionnaire suivant. Une r\u00e9ponse vous sera faite au plus tard dans les 48h suivantes.<\/p>\n<p>Veuillez noter que ce formulaire de contact renvoie sur une adresse mail s\u00e9curis\u00e9e, compatible avec les r\u00e8gles de protection des donn\u00e9es personnelles du RGPD.<\/p>\n\n<div class=\"wpcf7 no-js\" id=\"wpcf7-f14-o1\" lang=\"fr-FR\" dir=\"ltr\" data-wpcf7-id=\"14\">\n<div class=\"screen-reader-response\"><p role=\"status\" aria-live=\"polite\" aria-atomic=\"true\"><\/p> <ul><\/ul><\/div>\n<form action=\"\/index.php\/wp-json\/wp\/v2\/pages\/7#wpcf7-f14-o1\" method=\"post\" class=\"wpcf7-form init\" aria-label=\"Formulaire de contact\" novalidate=\"novalidate\" data-status=\"init\">\n<fieldset class=\"hidden-fields-container\"><input type=\"hidden\" name=\"_wpcf7\" value=\"14\" \/><input type=\"hidden\" name=\"_wpcf7_version\" value=\"6.1.5\" \/><input type=\"hidden\" name=\"_wpcf7_locale\" value=\"fr_FR\" \/><input type=\"hidden\" name=\"_wpcf7_unit_tag\" value=\"wpcf7-f14-o1\" \/><input type=\"hidden\" name=\"_wpcf7_container_post\" value=\"0\" \/><input type=\"hidden\" name=\"_wpcf7_posted_data_hash\" value=\"\" \/>\n<\/fieldset>\n<p><label> Votre nom & pr\u00e9nom (obligatoire)<br \/>\n<span class=\"wpcf7-form-control-wrap\" data-name=\"your-name\"><input size=\"40\" maxlength=\"400\" class=\"wpcf7-form-control wpcf7-text wpcf7-validates-as-required\" aria-required=\"true\" aria-invalid=\"false\" value=\"\" type=\"text\" name=\"your-name\" \/><\/span> <\/label>\n<\/p>\n<p><label> Le nom & pr\u00e9nom de votre enfant si vous consultez pour lui :<br \/>\n<span class=\"wpcf7-form-control-wrap\" data-name=\"enfant-name\"><input size=\"40\" maxlength=\"400\" class=\"wpcf7-form-control wpcf7-text\" aria-invalid=\"false\" value=\"\" type=\"text\" name=\"enfant-name\" \/><\/span> <\/label>\n<\/p>\n<p><label> L'\u00e2ge de votre enfant si vous consultez pour lui :<br \/>\n<span class=\"wpcf7-form-control-wrap\" data-name=\"number-288\"><input class=\"wpcf7-form-control wpcf7-number wpcf7-validates-as-required wpcf7-validates-as-number\" aria-required=\"true\" aria-invalid=\"false\" value=\"\" type=\"number\" name=\"number-288\" \/><\/span> <\/label>\n<\/p>\n<p><label> Votre e-mail (obligatoire)<br \/>\n<span class=\"wpcf7-form-control-wrap\" data-name=\"your-email\"><input size=\"40\" maxlength=\"400\" class=\"wpcf7-form-control wpcf7-email wpcf7-validates-as-required wpcf7-text wpcf7-validates-as-email\" aria-required=\"true\" aria-invalid=\"false\" value=\"\" type=\"email\" name=\"your-email\" \/><\/span> <\/label>\n<\/p>\n<p><label> Votre num\u00e9ro de t\u00e9l\u00e9phone (obligatoire)<br \/>\n<span class=\"wpcf7-form-control-wrap\" data-name=\"tel-611\"><input size=\"40\" maxlength=\"400\" class=\"wpcf7-form-control wpcf7-tel wpcf7-text wpcf7-validates-as-tel\" aria-invalid=\"false\" value=\"\" type=\"tel\" name=\"tel-611\" \/><\/span> <\/label>\n<\/p>\n<p><label> Votre adresse (obligatoire)<br \/>\n<span class=\"wpcf7-form-control-wrap\" data-name=\"text-139\"><input size=\"40\" maxlength=\"400\" class=\"wpcf7-form-control wpcf7-text\" aria-invalid=\"false\" value=\"\" type=\"text\" name=\"text-139\" \/><\/span> <\/label>\n<\/p>\n<p><label> Votre enfant est-il actuellement accompagn\u00e9 par une structure ? (obligatoire)<br \/>\n<span class=\"wpcf7-form-control-wrap\" data-name=\"structure\"><select class=\"wpcf7-form-control wpcf7-select wpcf7-validates-as-required\" aria-required=\"true\" aria-invalid=\"false\" name=\"structure\"><option value=\"Non\">Non<\/option><option value=\"Oui, en CMPP\">Oui, en CMPP<\/option><option value=\"Oui, en CMP\">Oui, en CMP<\/option><option value=\"Oui, en SESSAD\">Oui, en SESSAD<\/option><option value=\"Oui, en IME\">Oui, en IME<\/option><option value=\"Autre\">Autre<\/option><\/select><\/span> <\/label>\n<\/p>\n<p><label> Sur quel secteur souhaitez-vous consulter ? (obligatoire)<br \/>\n<span class=\"wpcf7-form-control-wrap\" data-name=\"secteur\"><select class=\"wpcf7-form-control wpcf7-select wpcf7-validates-as-required\" aria-required=\"true\" aria-invalid=\"false\" name=\"secteur\"><option value=\"Nevers\">Nevers<\/option><option value=\"Luthenay - Uxeloup\">Luthenay - Uxeloup<\/option><\/select><\/span> <\/label>\n<\/p>\n<p><label> Sujet\/motif de consultation<br \/>\n<span class=\"wpcf7-form-control-wrap\" data-name=\"your-subject\"><input size=\"40\" maxlength=\"400\" class=\"wpcf7-form-control wpcf7-text\" aria-invalid=\"false\" value=\"\" type=\"text\" name=\"your-subject\" \/><\/span> <\/label>\n<\/p>\n<p><label> Veuillez s'il vous pla\u00eet pr\u00e9ciser votre demande. N'h\u00e9sitez pas \u00e0 d\u00e9crire les probl\u00e9matiques rencontr\u00e9es, les accompagnements \u00e9ventuels, les bilans d\u00e9j\u00e0 r\u00e9alis\u00e9s. Cela nous aidera beaucoup.<br \/>\n<span class=\"wpcf7-form-control-wrap\" data-name=\"your-message\"><textarea cols=\"40\" rows=\"10\" maxlength=\"2000\" class=\"wpcf7-form-control wpcf7-textarea\" aria-invalid=\"false\" name=\"your-message\"><\/textarea><\/span> <\/label>\n<\/p>\n<p><input class=\"wpcf7-form-control wpcf7-submit has-spinner\" type=\"submit\" value=\"Envoyer\" \/>\n<\/p><div class=\"wpcf7-response-output\" aria-hidden=\"true\"><\/div>\n<\/form>\n<\/div>\n\n<h5>Avant de venir pour un premier rendez-vous<\/h5>\n<p>N&rsquo;h\u00e9sitez pas \u00e0 venir avec tous les \u00e9l\u00e9ments qui vous sembleront pertinents. D&rsquo;une mani\u00e8re g\u00e9n\u00e9rale, tous les comptes-rendus de consultation ou de bilans obtenus ailleurs sont utiles.<\/p>\n<p>Si vous avez consult\u00e9 ou si vous consultez actuellement en structure (SESSAD, CMP, IME, CMPP,&#8230;), n&rsquo;h\u00e9sitez pas \u00e0 demander le dossier de votre enfant pour pr\u00e9parer au mieux la consultation. <a href=\"https:\/\/www.service-public.fr\/particuliers\/vosdroits\/F12210\">L&rsquo;acc\u00e8s au dossier m\u00e9dical est un droit du patient<\/a> (Loi du 4 Mars 2002 ; d\u00e9crit du 29 Avril 2002).<\/p>\n<p>Pour les personnes avec autisme, n&rsquo;h\u00e9sitez pas \u00e0 demander des photos de nous ou du cabinet pour pr\u00e9parer votre venue ! Il vous suffit de nous le demander <span style=\"text-decoration: underline;\">par SMS exclusivement<\/span>.<\/p>\n<p>&nbsp;<\/p>\n<p>&nbsp;<\/p>\n","protected":false},"excerpt":{"rendered":"<p>Prise de contact N&rsquo;h\u00e9sitez pas \u00e0 prendre contact pour une demande de consultation. Que votre demande un bilan psychologique (intellectuel &#8211; QI) ou un bilan neuropsychologique, un besoin de prise en charge ou de guidance parentale, vous pouvez remplir le<\/p>\n","protected":false},"author":3,"featured_media":0,"parent":0,"menu_order":0,"comment_status":"closed","ping_status":"closed","template":"","meta":{"footnotes":""},"class_list":["post-7","page","type-page","status-publish","hentry"],"yoast_head":"<!-- This site is optimized with the Yoast SEO plugin v20.4 - https:\/\/yoast.com\/wordpress\/plugins\/seo\/ -->\n<title>Prise de contact - Pierre Leclef - Ana\u00efs Descat - Pauline Fontaine<\/title>\n<meta name=\"description\" content=\"Prendre contact pour une consultation en neuropsychologie. Contact pour un bilan intellectuel (QI) ou neuropsychologique, prise en charge ou guidance.\" \/>\n<meta name=\"robots\" content=\"index, follow, max-snippet:-1, max-image-preview:large, max-video-preview:-1\" \/>\n<link rel=\"canonical\" href=\"https:\/\/neuropsychologue-nevers.fr\/index.php\/prise-de-contact\/\" \/>\n<meta property=\"og:locale\" content=\"fr_FR\" \/>\n<meta property=\"og:type\" content=\"article\" \/>\n<meta property=\"og:title\" content=\"Prise de contact - Pierre Leclef - Ana\u00efs Descat - Pauline Fontaine\" \/>\n<meta property=\"og:description\" content=\"Prendre contact pour une consultation en neuropsychologie. Contact pour un bilan intellectuel (QI) ou neuropsychologique, prise en charge ou guidance.\" \/>\n<meta property=\"og:url\" content=\"https:\/\/neuropsychologue-nevers.fr\/index.php\/prise-de-contact\/\" \/>\n<meta property=\"og:site_name\" content=\"Pierre Leclef - Ana\u00efs Descat - Pauline Fontaine\" \/>\n<meta property=\"article:modified_time\" content=\"2025-01-16T13:29:01+00:00\" \/>\n<meta name=\"twitter:card\" content=\"summary_large_image\" \/>\n<meta name=\"twitter:label1\" content=\"Dur\u00e9e de lecture estim\u00e9e\" \/>\n\t<meta name=\"twitter:data1\" content=\"1 minute\" \/>\n<script type=\"application\/ld+json\" class=\"yoast-schema-graph\">{\"@context\":\"https:\/\/schema.org\",\"@graph\":[{\"@type\":\"WebPage\",\"@id\":\"https:\/\/neuropsychologue-nevers.fr\/index.php\/prise-de-contact\/\",\"url\":\"https:\/\/neuropsychologue-nevers.fr\/index.php\/prise-de-contact\/\",\"name\":\"Prise de contact - Pierre Leclef - Ana\u00efs Descat - Pauline Fontaine\",\"isPartOf\":{\"@id\":\"https:\/\/neuropsychologue-nevers.fr\/#website\"},\"datePublished\":\"2016-09-08T17:56:01+00:00\",\"dateModified\":\"2025-01-16T13:29:01+00:00\",\"description\":\"Prendre contact pour une consultation en neuropsychologie. Contact pour un bilan intellectuel (QI) ou neuropsychologique, prise en charge ou guidance.\",\"breadcrumb\":{\"@id\":\"https:\/\/neuropsychologue-nevers.fr\/index.php\/prise-de-contact\/#breadcrumb\"},\"inLanguage\":\"fr-FR\",\"potentialAction\":[{\"@type\":\"ReadAction\",\"target\":[\"https:\/\/neuropsychologue-nevers.fr\/index.php\/prise-de-contact\/\"]}]},{\"@type\":\"BreadcrumbList\",\"@id\":\"https:\/\/neuropsychologue-nevers.fr\/index.php\/prise-de-contact\/#breadcrumb\",\"itemListElement\":[{\"@type\":\"ListItem\",\"position\":1,\"name\":\"Accueil\",\"item\":\"https:\/\/neuropsychologue-nevers.fr\/\"},{\"@type\":\"ListItem\",\"position\":2,\"name\":\"Prise de contact\"}]},{\"@type\":\"WebSite\",\"@id\":\"https:\/\/neuropsychologue-nevers.fr\/#website\",\"url\":\"https:\/\/neuropsychologue-nevers.fr\/\",\"name\":\"Pierre Leclef - Ana\u00efs Descat - Pauline Fontaine\",\"description\":\"Cabinet de Neuropsychologie - Nevers\",\"potentialAction\":[{\"@type\":\"SearchAction\",\"target\":{\"@type\":\"EntryPoint\",\"urlTemplate\":\"https:\/\/neuropsychologue-nevers.fr\/?s={search_term_string}\"},\"query-input\":\"required name=search_term_string\"}],\"inLanguage\":\"fr-FR\"}]}<\/script>\n<!-- \/ Yoast SEO plugin. -->","yoast_head_json":{"title":"Prise de contact - Pierre Leclef - Ana\u00efs Descat - Pauline Fontaine","description":"Prendre contact pour une consultation en neuropsychologie. Contact pour un bilan intellectuel (QI) ou neuropsychologique, prise en charge ou guidance.","robots":{"index":"index","follow":"follow","max-snippet":"max-snippet:-1","max-image-preview":"max-image-preview:large","max-video-preview":"max-video-preview:-1"},"canonical":"https:\/\/neuropsychologue-nevers.fr\/index.php\/prise-de-contact\/","og_locale":"fr_FR","og_type":"article","og_title":"Prise de contact - Pierre Leclef - Ana\u00efs Descat - Pauline Fontaine","og_description":"Prendre contact pour une consultation en neuropsychologie. Contact pour un bilan intellectuel (QI) ou neuropsychologique, prise en charge ou guidance.","og_url":"https:\/\/neuropsychologue-nevers.fr\/index.php\/prise-de-contact\/","og_site_name":"Pierre Leclef - Ana\u00efs Descat - Pauline Fontaine","article_modified_time":"2025-01-16T13:29:01+00:00","twitter_card":"summary_large_image","twitter_misc":{"Dur\u00e9e de lecture estim\u00e9e":"1 minute"},"schema":{"@context":"https:\/\/schema.org","@graph":[{"@type":"WebPage","@id":"https:\/\/neuropsychologue-nevers.fr\/index.php\/prise-de-contact\/","url":"https:\/\/neuropsychologue-nevers.fr\/index.php\/prise-de-contact\/","name":"Prise de contact - Pierre Leclef - Ana\u00efs Descat - Pauline Fontaine","isPartOf":{"@id":"https:\/\/neuropsychologue-nevers.fr\/#website"},"datePublished":"2016-09-08T17:56:01+00:00","dateModified":"2025-01-16T13:29:01+00:00","description":"Prendre contact pour une consultation en neuropsychologie. Contact pour un bilan intellectuel (QI) ou neuropsychologique, prise en charge ou guidance.","breadcrumb":{"@id":"https:\/\/neuropsychologue-nevers.fr\/index.php\/prise-de-contact\/#breadcrumb"},"inLanguage":"fr-FR","potentialAction":[{"@type":"ReadAction","target":["https:\/\/neuropsychologue-nevers.fr\/index.php\/prise-de-contact\/"]}]},{"@type":"BreadcrumbList","@id":"https:\/\/neuropsychologue-nevers.fr\/index.php\/prise-de-contact\/#breadcrumb","itemListElement":[{"@type":"ListItem","position":1,"name":"Accueil","item":"https:\/\/neuropsychologue-nevers.fr\/"},{"@type":"ListItem","position":2,"name":"Prise de contact"}]},{"@type":"WebSite","@id":"https:\/\/neuropsychologue-nevers.fr\/#website","url":"https:\/\/neuropsychologue-nevers.fr\/","name":"Pierre Leclef - Ana\u00efs Descat - Pauline Fontaine","description":"Cabinet de Neuropsychologie - Nevers","potentialAction":[{"@type":"SearchAction","target":{"@type":"EntryPoint","urlTemplate":"https:\/\/neuropsychologue-nevers.fr\/?s={search_term_string}"},"query-input":"required name=search_term_string"}],"inLanguage":"fr-FR"}]}},"_links":{"self":[{"href":"https:\/\/neuropsychologue-nevers.fr\/index.php\/wp-json\/wp\/v2\/pages\/7","targetHints":{"allow":["GET"]}}],"collection":[{"href":"https:\/\/neuropsychologue-nevers.fr\/index.php\/wp-json\/wp\/v2\/pages"}],"about":[{"href":"https:\/\/neuropsychologue-nevers.fr\/index.php\/wp-json\/wp\/v2\/types\/page"}],"author":[{"embeddable":true,"href":"https:\/\/neuropsychologue-nevers.fr\/index.php\/wp-json\/wp\/v2\/users\/3"}],"replies":[{"embeddable":true,"href":"https:\/\/neuropsychologue-nevers.fr\/index.php\/wp-json\/wp\/v2\/comments?post=7"}],"version-history":[{"count":17,"href":"https:\/\/neuropsychologue-nevers.fr\/index.php\/wp-json\/wp\/v2\/pages\/7\/revisions"}],"predecessor-version":[{"id":454,"href":"https:\/\/neuropsychologue-nevers.fr\/index.php\/wp-json\/wp\/v2\/pages\/7\/revisions\/454"}],"wp:attachment":[{"href":"https:\/\/neuropsychologue-nevers.fr\/index.php\/wp-json\/wp\/v2\/media?parent=7"}],"curies":[{"name":"wp","href":"https:\/\/api.w.org\/{rel}","templated":true}]}}